{"id":650,"date":"2025-06-16T14:03:05","date_gmt":"2025-06-16T14:03:05","guid":{"rendered":"https:\/\/partnerschaftsverein-weilrod.de\/?page_id=650"},"modified":"2025-12-09T11:44:44","modified_gmt":"2025-12-09T11:44:44","slug":"gemeinde-drei-gleichen-2-0","status":"publish","type":"page","link":"https:\/\/partnerschaftsverein-weilrod.de\/index.php\/sample-page\/gemeinde-drei-gleichen-2-0\/","title":{"rendered":"Gemeinde Drei Gleichen"},"content":{"rendered":"\n<div class=\"wp-block-media-text alignfull has-media-on-the-right is-stacked-on-mobile is-vertically-aligned-center is-style-default\" style=\"padding-right:var(--wp--preset--spacing--80);padding-left:var(--wp--preset--spacing--80);grid-template-columns:auto 25%\"><div class=\"wp-block-media-text__content\">\n<h2 class=\"wp-block-heading has-text-color\" style=\"color:#000000\"><\/h2>\n\n\n\n<p>Weilrod Partnergemeinde <strong>Drei Gleichen<\/strong>\u00a0ist eine kreisangeh\u00f6rige\u00a0Landgemeinde\u00a0im\u00a0th\u00fcringischen\u00a0Landkreis Gotha mit 7935 (Stand 1.\u00a0Januar 2022). Sie liegt zwischen den St\u00e4dten\u00a0Erfurt,\u00a0Gotha\u00a0und\u00a0Arnstadt\u00a0und ist nach dem Burgenensemble der\u00a0Drei Gleichen\u00a0benannt. Sitz der Gemeinde ist\u00a0Wandersleben. Die Gemeinde ist\u00a0erf\u00fcllende Gemeinde\u00a0f\u00fcr\u00a0Schwabhausen.<\/p>\n\n\n\n<p>Die Landgemeinde umfasst die Ortschaften<\/p>\n\n\n\n<ul class=\"wp-block-list\">\n<li>Cobst\u00e4dt<\/li>\n\n\n\n<li>Grabsleben<\/li>\n\n\n\n<li>Gro\u00dfrettbach<\/li>\n\n\n\n<li>G\u00fcnthersleben<\/li>\n\n\n\n<li>M\u00fchlberg<\/li>\n\n\n\n<li>Seebergen<\/li>\n\n\n\n<li>Wandersleben<\/li>\n\n\n\n<li>Wechmar<\/li>\n<\/ul>\n\n\n\n<p>Die Ortschaften Cobst\u00e4dt, Grabsleben und Gro\u00dfrettbach erhalten eine gemeinsame Ortschaftsverfassung mit der Bezeichnung \u201eCobst\u00e4dt\/Grabsleben\/Gro\u00dfrettbach\u201c. Ebenso erhalten die Ortschaften G\u00fcnthersleben und Wechmar eine gemeinsame Ortschaftsverfassung, w\u00e4hrend die \u00fcbrigen Ortschaften jeweils eine eigene Ortschaftsverfassung erhalten.<\/p>\n\n\n\n<p>Die Gemeinde entstand zum 1. Januar 2009 aus dem Zusammenschluss der bis dahin selbst\u00e4ndigen Gemeinden\u00a0Grabsleben,\u00a0M\u00fchlberg,\u00a0Seebergen\u00a0und\u00a0Wandersleben. Die\u00a0Verwaltungsgemeinschaft Drei Gleichen, der alle Gemeinden angeh\u00f6rten, wurde gleichzeitig aufgel\u00f6st. Zu Grabsleben geh\u00f6rten bis zum Zusammenschluss noch die Ortsteile\u00a0Gro\u00dfrettbach\u00a0und\u00a0Cobst\u00e4dt, die nun der Gemeinde Drei Gleichen angeh\u00f6ren.<\/p>\n\n\n\n<p>Zum 6. Juli 2018 fusionierte Drei Gleichen mit der Nachbargemeinde\u00a0G\u00fcnthersleben-Wechmar\u00a0zur Landgemeinde Drei Gleichen.<\/p>\n\n\n\n<p class=\"has-tertiary-background-color has-background\">Zum Ortsteil M\u00fchlberg der Gemeinde Drei Gleichen besteht schon \u00fcber viele Jahre hin eine freundschaftliche Verbindung \u00fcber die Posaunench\u00f6re M\u00fchlberg in Th\u00fcringen und dem der Evangelischen Kirchengemeinde Weilnau in Weilrod. Bereits zu der 1300-Jahr-Feier im Jahr 2004 lud die damals noch eigenst\u00e4ndige Gemeinde M\u00fchlberg die Gemeinde Weilrod ein. Hier entstanden erste Ideen f\u00fcr einen partnerschaftlichen Austausch. Auch bestand bereits kurz nach der Wende ein Austausch unter den Feuerwehren der Gemeinde Weilrod und der damaligen Gemeinde M\u00fchlberg, welcher durch eine Gemeindepartnerschaft wieder aufgenommen wurde.<\/p>\n\n\n\n<p>Die Entfernung von Weilrod nach Drei Gleichen betr\u00e4gt 217 km.<\/p>\n\n\n\n<p>Die Partnerschaftsurkunde wurde am 03.10.2020 in Drei Gleichen, am 30. Jahrestag der Deutschen Einheit, unterzeichnet.\u00a0Aufgrund der zur\u00fcckliegenden Gebietsreformen in Th\u00fcringen entstand in den letzten Jahren die Th\u00fcringische Landgemeinde \u201eDrei Gleichen\u201c. Diese hat nun nochmals den damaligen Wunsch nach einem partnerschaftlichen Austausch f\u00fcr die neue Gesamtgemeinde Drei Gleichen, bekr\u00e4ftigt.Mit dieser Partnerschaft m\u00f6chten wir uns gemeinsam mit der Gemeinde Drei Gleichen, soweit es in unserer Macht steht, f\u00fcr die Bewahrung des Friedens, die F\u00f6rderung der V\u00f6lkerverst\u00e4ndigung und die Verwirklichung der innerdeutschen Einheit und der Einheit Europas einsetzen. <\/p>\n\n\n\n<ul class=\"wp-block-list\">\n<li style=\"font-size:17px;line-height:1.3\"><a href=\"https:\/\/www.gemeinde-drei-gleichen.de\" target=\"_blank\" rel=\"noreferrer noopener\">Internetseite der Gemeinde Drei Gleichen<\/a><\/li>\n\n\n\n<li style=\"font-size:17px;line-height:1.3\"><a href=\"https:\/\/de.wikipedia.org\/wiki\/Drei_Gleichen_(Gemeinde)\" target=\"_blank\" rel=\"noreferrer noopener\">Gemeinde Drei Gleichen auf Wikipedia<\/a><a href=\"https:\/\/www.gemeinde-drei-gleichen.de\" target=\"_blank\" rel=\"noreferrer noopener\"><br><\/a><\/li>\n<\/ul>\n<\/div><figure class=\"wp-block-media-text__media\"><img loading=\"lazy\" decoding=\"async\" width=\"380\" height=\"420\" src=\"https:\/\/partnerschaftsverein-weilrod.de\/wp-content\/uploads\/2024\/03\/wappen-3gleichen.png\" alt=\"\" class=\"wp-image-51 size-full\" srcset=\"https:\/\/partnerschaftsverein-weilrod.de\/wp-content\/uploads\/2024\/03\/wappen-3gleichen.png 380w, https:\/\/partnerschaftsverein-weilrod.de\/wp-content\/uploads\/2024\/03\/wappen-3gleichen-271x300.png 271w\" sizes=\"auto, (max-width: 380px) 100vw, 380px\" \/><\/figure><\/div>\n\n\n\n<hr class=\"wp-block-separator has-alpha-channel-opacity is-style-wide\" style=\"margin-top:var(--wp--preset--spacing--80);margin-bottom:var(--wp--preset--spacing--80)\"\/>\n\n\n\n<p class=\"has-background has-x-large-font-size\" style=\"background-color:#009741\">Bildergalerien<\/p>\n\n\n\n<ul class=\"wp-block-list\">\n<li class=\"has-large-font-size\"><a href=\"https:\/\/partnerschaftsverein-weilrod.de\/index.php\/10-05-2025-europatag-in-schlossborn\/\">10.05.2025 Europatag in Schlo\u00dfborn<\/a><\/li>\n<\/ul>\n","protected":false},"excerpt":{"rendered":"<p>Bildergalerien<\/p>\n","protected":false},"author":1,"featured_media":0,"parent":2,"menu_order":3,"comment_status":"closed","ping_status":"closed","template":"","meta":{"footnotes":""},"class_list":["post-650","page","type-page","status-publish","hentry"],"yoast_head":"<!-- This site is optimized with the Yoast SEO plugin v27.3 - https:\/\/yoast.com\/product\/yoast-seo-wordpress\/ -->\n<title>Gemeinde Drei Gleichen - \u00a9 2024 -2026 :: Verein zur F\u00f6rderung nationaler und internationaler Beziehungen Weilrod e.V.<\/title>\n<meta name=\"robots\" content=\"index, follow, max-snippet:-1, max-image-preview:large, max-video-preview:-1\" \/>\n<link rel=\"canonical\" href=\"https:\/\/partnerschaftsverein-weilrod.de\/index.php\/sample-page\/gemeinde-drei-gleichen-2-0\/\" \/>\n<meta property=\"og:locale\" content=\"de_DE\" \/>\n<meta property=\"og:type\" content=\"article\" \/>\n<meta property=\"og:title\" content=\"Gemeinde Drei Gleichen - \u00a9 2024 -2026 :: Verein zur F\u00f6rderung nationaler und internationaler Beziehungen Weilrod e.V.\" \/>\n<meta property=\"og:description\" content=\"Bildergalerien\" \/>\n<meta property=\"og:url\" content=\"https:\/\/partnerschaftsverein-weilrod.de\/index.php\/sample-page\/gemeinde-drei-gleichen-2-0\/\" \/>\n<meta property=\"og:site_name\" content=\"\u00a9 2024 -2026 :: Verein zur F\u00f6rderung nationaler und internationaler Beziehungen Weilrod e.V.\" \/>\n<meta property=\"article:modified_time\" content=\"2025-12-09T11:44:44+00:00\" \/>\n<meta property=\"og:image\" content=\"https:\/\/partnerschaftsverein-weilrod.de\/wp-content\/uploads\/2024\/03\/wappen-3gleichen.png\" \/>\n\t<meta property=\"og:image:width\" content=\"380\" \/>\n\t<meta property=\"og:image:height\" content=\"420\" \/>\n\t<meta property=\"og:image:type\" content=\"image\/png\" \/>\n<meta name=\"twitter:card\" content=\"summary_large_image\" \/>\n<meta name=\"twitter:label1\" content=\"Gesch\u00e4tzte Lesezeit\" \/>\n\t<meta name=\"twitter:data1\" content=\"3\u00a0Minuten\" \/>\n<script type=\"application\/ld+json\" class=\"yoast-schema-graph\">{\"@context\":\"https:\\\/\\\/schema.org\",\"@graph\":[{\"@type\":\"WebPage\",\"@id\":\"https:\\\/\\\/partnerschaftsverein-weilrod.de\\\/index.php\\\/sample-page\\\/gemeinde-drei-gleichen-2-0\\\/\",\"url\":\"https:\\\/\\\/partnerschaftsverein-weilrod.de\\\/index.php\\\/sample-page\\\/gemeinde-drei-gleichen-2-0\\\/\",\"name\":\"Gemeinde Drei Gleichen - \u00a9 2024 -2026 :: Verein zur F\u00f6rderung nationaler und internationaler Beziehungen Weilrod e.V.\",\"isPartOf\":{\"@id\":\"https:\\\/\\\/partnerschaftsverein-weilrod.de\\\/#website\"},\"primaryImageOfPage\":{\"@id\":\"https:\\\/\\\/partnerschaftsverein-weilrod.de\\\/index.php\\\/sample-page\\\/gemeinde-drei-gleichen-2-0\\\/#primaryimage\"},\"image\":{\"@id\":\"https:\\\/\\\/partnerschaftsverein-weilrod.de\\\/index.php\\\/sample-page\\\/gemeinde-drei-gleichen-2-0\\\/#primaryimage\"},\"thumbnailUrl\":\"https:\\\/\\\/partnerschaftsverein-weilrod.de\\\/wp-content\\\/uploads\\\/2024\\\/03\\\/wappen-3gleichen.png\",\"datePublished\":\"2025-06-16T14:03:05+00:00\",\"dateModified\":\"2025-12-09T11:44:44+00:00\",\"breadcrumb\":{\"@id\":\"https:\\\/\\\/partnerschaftsverein-weilrod.de\\\/index.php\\\/sample-page\\\/gemeinde-drei-gleichen-2-0\\\/#breadcrumb\"},\"inLanguage\":\"de\",\"potentialAction\":[{\"@type\":\"ReadAction\",\"target\":[\"https:\\\/\\\/partnerschaftsverein-weilrod.de\\\/index.php\\\/sample-page\\\/gemeinde-drei-gleichen-2-0\\\/\"]}]},{\"@type\":\"ImageObject\",\"inLanguage\":\"de\",\"@id\":\"https:\\\/\\\/partnerschaftsverein-weilrod.de\\\/index.php\\\/sample-page\\\/gemeinde-drei-gleichen-2-0\\\/#primaryimage\",\"url\":\"https:\\\/\\\/partnerschaftsverein-weilrod.de\\\/wp-content\\\/uploads\\\/2024\\\/03\\\/wappen-3gleichen.png\",\"contentUrl\":\"https:\\\/\\\/partnerschaftsverein-weilrod.de\\\/wp-content\\\/uploads\\\/2024\\\/03\\\/wappen-3gleichen.png\",\"width\":380,\"height\":420},{\"@type\":\"BreadcrumbList\",\"@id\":\"https:\\\/\\\/partnerschaftsverein-weilrod.de\\\/index.php\\\/sample-page\\\/gemeinde-drei-gleichen-2-0\\\/#breadcrumb\",\"itemListElement\":[{\"@type\":\"ListItem\",\"position\":1,\"name\":\"Startseite\",\"item\":\"https:\\\/\\\/partnerschaftsverein-weilrod.de\\\/\"},{\"@type\":\"ListItem\",\"position\":2,\"name\":\"\u00dcber den Verein\",\"item\":\"https:\\\/\\\/partnerschaftsverein-weilrod.de\\\/index.php\\\/sample-page\\\/\"},{\"@type\":\"ListItem\",\"position\":3,\"name\":\"Gemeinde Drei Gleichen\"}]},{\"@type\":\"WebSite\",\"@id\":\"https:\\\/\\\/partnerschaftsverein-weilrod.de\\\/#website\",\"url\":\"https:\\\/\\\/partnerschaftsverein-weilrod.de\\\/\",\"name\":\"\u00a9 2024 -2026 :: Verein zur F\u00f6rderung nationaler und internationaler Beziehungen Weilrod e.V.\",\"description\":\"\",\"publisher\":{\"@id\":\"https:\\\/\\\/partnerschaftsverein-weilrod.de\\\/#organization\"},\"potentialAction\":[{\"@type\":\"SearchAction\",\"target\":{\"@type\":\"EntryPoint\",\"urlTemplate\":\"https:\\\/\\\/partnerschaftsverein-weilrod.de\\\/?s={search_term_string}\"},\"query-input\":{\"@type\":\"PropertyValueSpecification\",\"valueRequired\":true,\"valueName\":\"search_term_string\"}}],\"inLanguage\":\"de\"},{\"@type\":\"Organization\",\"@id\":\"https:\\\/\\\/partnerschaftsverein-weilrod.de\\\/#organization\",\"name\":\"\u00a9 2024 -2026 :: Verein zur F\u00f6rderung nationaler und internationaler Beziehungen Weilrod e.V.\",\"url\":\"https:\\\/\\\/partnerschaftsverein-weilrod.de\\\/\",\"logo\":{\"@type\":\"ImageObject\",\"inLanguage\":\"de\",\"@id\":\"https:\\\/\\\/partnerschaftsverein-weilrod.de\\\/#\\\/schema\\\/logo\\\/image\\\/\",\"url\":\"https:\\\/\\\/partnerschaftsverein-weilrod.de\\\/wp-content\\\/uploads\\\/2024\\\/03\\\/Logo-rund.png\",\"contentUrl\":\"https:\\\/\\\/partnerschaftsverein-weilrod.de\\\/wp-content\\\/uploads\\\/2024\\\/03\\\/Logo-rund.png\",\"width\":1024,\"height\":1024,\"caption\":\"\u00a9 2024 -2026 :: Verein zur F\u00f6rderung nationaler und internationaler Beziehungen Weilrod e.V.\"},\"image\":{\"@id\":\"https:\\\/\\\/partnerschaftsverein-weilrod.de\\\/#\\\/schema\\\/logo\\\/image\\\/\"}}]}<\/script>\n<!-- \/ Yoast SEO plugin. -->","yoast_head_json":{"title":"Gemeinde Drei Gleichen - \u00a9 2024 -2026 :: Verein zur F\u00f6rderung nationaler und internationaler Beziehungen Weilrod e.V.","robots":{"index":"index","follow":"follow","max-snippet":"max-snippet:-1","max-image-preview":"max-image-preview:large","max-video-preview":"max-video-preview:-1"},"canonical":"https:\/\/partnerschaftsverein-weilrod.de\/index.php\/sample-page\/gemeinde-drei-gleichen-2-0\/","og_locale":"de_DE","og_type":"article","og_title":"Gemeinde Drei Gleichen - \u00a9 2024 -2026 :: Verein zur F\u00f6rderung nationaler und internationaler Beziehungen Weilrod e.V.","og_description":"Bildergalerien","og_url":"https:\/\/partnerschaftsverein-weilrod.de\/index.php\/sample-page\/gemeinde-drei-gleichen-2-0\/","og_site_name":"\u00a9 2024 -2026 :: Verein zur F\u00f6rderung nationaler und internationaler Beziehungen Weilrod e.V.","article_modified_time":"2025-12-09T11:44:44+00:00","og_image":[{"width":380,"height":420,"url":"https:\/\/partnerschaftsverein-weilrod.de\/wp-content\/uploads\/2024\/03\/wappen-3gleichen.png","type":"image\/png"}],"twitter_card":"summary_large_image","twitter_misc":{"Gesch\u00e4tzte Lesezeit":"3\u00a0Minuten"},"schema":{"@context":"https:\/\/schema.org","@graph":[{"@type":"WebPage","@id":"https:\/\/partnerschaftsverein-weilrod.de\/index.php\/sample-page\/gemeinde-drei-gleichen-2-0\/","url":"https:\/\/partnerschaftsverein-weilrod.de\/index.php\/sample-page\/gemeinde-drei-gleichen-2-0\/","name":"Gemeinde Drei Gleichen - \u00a9 2024 -2026 :: Verein zur F\u00f6rderung nationaler und internationaler Beziehungen Weilrod e.V.","isPartOf":{"@id":"https:\/\/partnerschaftsverein-weilrod.de\/#website"},"primaryImageOfPage":{"@id":"https:\/\/partnerschaftsverein-weilrod.de\/index.php\/sample-page\/gemeinde-drei-gleichen-2-0\/#primaryimage"},"image":{"@id":"https:\/\/partnerschaftsverein-weilrod.de\/index.php\/sample-page\/gemeinde-drei-gleichen-2-0\/#primaryimage"},"thumbnailUrl":"https:\/\/partnerschaftsverein-weilrod.de\/wp-content\/uploads\/2024\/03\/wappen-3gleichen.png","datePublished":"2025-06-16T14:03:05+00:00","dateModified":"2025-12-09T11:44:44+00:00","breadcrumb":{"@id":"https:\/\/partnerschaftsverein-weilrod.de\/index.php\/sample-page\/gemeinde-drei-gleichen-2-0\/#breadcrumb"},"inLanguage":"de","potentialAction":[{"@type":"ReadAction","target":["https:\/\/partnerschaftsverein-weilrod.de\/index.php\/sample-page\/gemeinde-drei-gleichen-2-0\/"]}]},{"@type":"ImageObject","inLanguage":"de","@id":"https:\/\/partnerschaftsverein-weilrod.de\/index.php\/sample-page\/gemeinde-drei-gleichen-2-0\/#primaryimage","url":"https:\/\/partnerschaftsverein-weilrod.de\/wp-content\/uploads\/2024\/03\/wappen-3gleichen.png","contentUrl":"https:\/\/partnerschaftsverein-weilrod.de\/wp-content\/uploads\/2024\/03\/wappen-3gleichen.png","width":380,"height":420},{"@type":"BreadcrumbList","@id":"https:\/\/partnerschaftsverein-weilrod.de\/index.php\/sample-page\/gemeinde-drei-gleichen-2-0\/#breadcrumb","itemListElement":[{"@type":"ListItem","position":1,"name":"Startseite","item":"https:\/\/partnerschaftsverein-weilrod.de\/"},{"@type":"ListItem","position":2,"name":"\u00dcber den Verein","item":"https:\/\/partnerschaftsverein-weilrod.de\/index.php\/sample-page\/"},{"@type":"ListItem","position":3,"name":"Gemeinde Drei Gleichen"}]},{"@type":"WebSite","@id":"https:\/\/partnerschaftsverein-weilrod.de\/#website","url":"https:\/\/partnerschaftsverein-weilrod.de\/","name":"\u00a9 2024 -2026 :: Verein zur F\u00f6rderung nationaler und internationaler Beziehungen Weilrod e.V.","description":"","publisher":{"@id":"https:\/\/partnerschaftsverein-weilrod.de\/#organization"},"potentialAction":[{"@type":"SearchAction","target":{"@type":"EntryPoint","urlTemplate":"https:\/\/partnerschaftsverein-weilrod.de\/?s={search_term_string}"},"query-input":{"@type":"PropertyValueSpecification","valueRequired":true,"valueName":"search_term_string"}}],"inLanguage":"de"},{"@type":"Organization","@id":"https:\/\/partnerschaftsverein-weilrod.de\/#organization","name":"\u00a9 2024 -2026 :: Verein zur F\u00f6rderung nationaler und internationaler Beziehungen Weilrod e.V.","url":"https:\/\/partnerschaftsverein-weilrod.de\/","logo":{"@type":"ImageObject","inLanguage":"de","@id":"https:\/\/partnerschaftsverein-weilrod.de\/#\/schema\/logo\/image\/","url":"https:\/\/partnerschaftsverein-weilrod.de\/wp-content\/uploads\/2024\/03\/Logo-rund.png","contentUrl":"https:\/\/partnerschaftsverein-weilrod.de\/wp-content\/uploads\/2024\/03\/Logo-rund.png","width":1024,"height":1024,"caption":"\u00a9 2024 -2026 :: Verein zur F\u00f6rderung nationaler und internationaler Beziehungen Weilrod e.V."},"image":{"@id":"https:\/\/partnerschaftsverein-weilrod.de\/#\/schema\/logo\/image\/"}}]}},"_links":{"self":[{"href":"https:\/\/partnerschaftsverein-weilrod.de\/index.php\/wp-json\/wp\/v2\/pages\/650","targetHints":{"allow":["GET"]}}],"collection":[{"href":"https:\/\/partnerschaftsverein-weilrod.de\/index.php\/wp-json\/wp\/v2\/pages"}],"about":[{"href":"https:\/\/partnerschaftsverein-weilrod.de\/index.php\/wp-json\/wp\/v2\/types\/page"}],"author":[{"embeddable":true,"href":"https:\/\/partnerschaftsverein-weilrod.de\/index.php\/wp-json\/wp\/v2\/users\/1"}],"replies":[{"embeddable":true,"href":"https:\/\/partnerschaftsverein-weilrod.de\/index.php\/wp-json\/wp\/v2\/comments?post=650"}],"version-history":[{"count":14,"href":"https:\/\/partnerschaftsverein-weilrod.de\/index.php\/wp-json\/wp\/v2\/pages\/650\/revisions"}],"predecessor-version":[{"id":674,"href":"https:\/\/partnerschaftsverein-weilrod.de\/index.php\/wp-json\/wp\/v2\/pages\/650\/revisions\/674"}],"up":[{"embeddable":true,"href":"https:\/\/partnerschaftsverein-weilrod.de\/index.php\/wp-json\/wp\/v2\/pages\/2"}],"wp:attachment":[{"href":"https:\/\/partnerschaftsverein-weilrod.de\/index.php\/wp-json\/wp\/v2\/media?parent=650"}],"curies":[{"name":"wp","href":"https:\/\/api.w.org\/{rel}","templated":true}]}}