{"id":635,"date":"2025-06-16T13:49:09","date_gmt":"2025-06-16T13:49:09","guid":{"rendered":"https:\/\/partnerschaftsverein-weilrod.de\/?page_id=635"},"modified":"2025-12-09T11:44:08","modified_gmt":"2025-12-09T11:44:08","slug":"billy-berclau-2-0","status":"publish","type":"page","link":"https:\/\/partnerschaftsverein-weilrod.de\/index.php\/sample-page\/billy-berclau-2-0\/","title":{"rendered":"Billy-Berclau"},"content":{"rendered":"\n<div class=\"wp-block-media-text alignfull has-media-on-the-right is-stacked-on-mobile is-vertically-aligned-center is-style-default\" style=\"margin-right:0;margin-left:0;padding-right:var(--wp--preset--spacing--80);padding-left:var(--wp--preset--spacing--80);grid-template-columns:auto 25%\"><div class=\"wp-block-media-text__content\">\n<h2 class=\"wp-block-heading has-text-color\" style=\"color:#000000\"><\/h2>\n\n\n\n<p>Weilrods Patnergemeinde <strong>Billy-Berclau<\/strong> ist eine\u00a0franz\u00f6sische Gemeinde\u00a0mit 5076 Einwohnern (Stand 1.\u00a0Januar 2022) im\u00a0Arrondissement B\u00e9thune, im\u00a0D\u00e9partement Pas-de-Calais\u00a0und in der\u00a0Region\u00a0Hauts-de-France.<\/p>\n\n\n\n<figure class=\"wp-block-image size-full is-resized\"><img loading=\"lazy\" decoding=\"async\" width=\"600\" height=\"403\" src=\"https:\/\/partnerschaftsverein-weilrod.de\/wp-content\/uploads\/2025\/06\/logo-billy-berclau.png\" alt=\"\" class=\"wp-image-636\" style=\"width:398px;height:auto\" srcset=\"https:\/\/partnerschaftsverein-weilrod.de\/wp-content\/uploads\/2025\/06\/logo-billy-berclau.png 600w, https:\/\/partnerschaftsverein-weilrod.de\/wp-content\/uploads\/2025\/06\/logo-billy-berclau-300x202.png 300w\" sizes=\"auto, (max-width: 600px) 100vw, 600px\" \/><\/figure>\n\n\n\n<p>Die Gemeinde Billy-Berclau liegt im\u00a0Nordfranz\u00f6sischen Kohlerevier\u00a0zwischen den St\u00e4dten\u00a0Lens\u00a0und\u00a0Lille\u00a0an der Grenze zum\u00a0D\u00e9partement Nord. Am Ostrand der Gemeinde befindet sich die Abzweigung des\u00a0Canal d\u2019Aire\u00a0vom\u00a0Canal de la De\u00fble.<\/p>\n\n\n\n<p class=\"has-foreground-color has-text-color\" style=\"font-size:17px;line-height:1.1\">Die Entfernung von Weilrod nach Billy-Berclau betr\u00e4gt 496 km.<\/p>\n\n\n\n<p class=\"has-foreground-color has-text-color\" style=\"font-size:17px;line-height:1.1\">Die Partnerschaftsurkunde wurde am 26. Januar 2001 in Billy-Berclau unterzeichnet. <\/p>\n\n\n\n<p>Die Gemeinde verf\u00fcgt \u00fcber ein sehr starkes ortsans\u00e4ssiges produzierendes Gewerbe (u.\u00a0a. eine Motorenfabrik mit rund 6000 Besch\u00e4ftigten). Im Mai 2023 wurde eine Batteriefabrik von\u00a0Automotive Cells Company, einem Joint-Venture von\u00a0Stellantis,\u00a0Mercedes-Benz\u00a0und\u00a0\u00a0TotalEnergies\u00a0er\u00f6ffnet.  Trotz der Industrie ist Billy-Berclau eine sehr saubere und gepflegte Gemeinde. Die \u00f6ffentlichen Einrichtungen sind alle in einem vorz\u00fcglichen Zustand und lassen erkennen, dass man hier auf eine gediegene Geselligkeit gro\u00dfen Wert legt. Eines der sch\u00f6nen Beispiele hierf\u00fcr ist der Erholungspark der Gemeinde, der aus einer gefluteten ehemaligen Bergwerksanlage besteht.<\/p>\n\n\n\n<p class=\"has-foreground-color has-text-color\" style=\"font-size:17px;line-height:1.3\">Ein sehr reges Vereinsleben pr\u00e4gt eine erstaunlich breite Palette aller g\u00e4ngigen Sportarten und kultureller Aktivit\u00e4ten. Bereits das erste Jahr dieser Partnerschaft war erf\u00fcllt von einer Vielzahl von Aktivit\u00e4ten, in welcher z. B. die S\u00e4nger aus Hasselbach oder die Radfahrer aus verschiedenen Ortsteilen einen regen Kontakt pflegten. <\/p>\n\n\n\n<ul class=\"wp-block-list\">\n<li style=\"font-size:17px;line-height:1.3\"><a href=\"https:\/\/www.billy-berclau.fr\/\" target=\"_blank\" rel=\"noreferrer noopener\">Internetseite von Billy-Berclau<\/a><\/li>\n\n\n\n<li><a href=\"https:\/\/www.facebook.com\/profile.php?id=61570566654215\" target=\"_blank\" rel=\"noreferrer noopener\">Billy-Berclau auf Facebook: Comit\u00e9 Franco-Allemand Billy-Berclau<\/a><\/li>\n\n\n\n<li><a href=\"https:\/\/de.wikipedia.org\/wiki\/Billy-Berclau\" target=\"_blank\" rel=\"noreferrer noopener\">Weitere Informationen auf Wikipedia<\/a><\/li>\n<\/ul>\n\n\n\n<p><\/p>\n\n\n\n<p><\/p>\n<\/div><figure class=\"wp-block-media-text__media\"><img loading=\"lazy\" decoding=\"async\" width=\"380\" height=\"375\" src=\"https:\/\/partnerschaftsverein-weilrod.de\/wp-content\/uploads\/2024\/03\/blason-billy-berclau.png\" alt=\"\" class=\"wp-image-50 size-full\" srcset=\"https:\/\/partnerschaftsverein-weilrod.de\/wp-content\/uploads\/2024\/03\/blason-billy-berclau.png 380w, https:\/\/partnerschaftsverein-weilrod.de\/wp-content\/uploads\/2024\/03\/blason-billy-berclau-300x296.png 300w\" sizes=\"auto, (max-width: 380px) 100vw, 380px\" \/><\/figure><\/div>\n\n\n\n<hr class=\"wp-block-separator has-alpha-channel-opacity is-style-wide\" style=\"margin-top:var(--wp--preset--spacing--80);margin-bottom:var(--wp--preset--spacing--80)\"\/>\n\n\n\n<p class=\"has-cyan-bluish-gray-background-color has-background has-x-large-font-size\">Bildergalerien<\/p>\n\n\n\n<ul class=\"wp-block-list\">\n<li class=\"has-large-font-size\"><a href=\"https:\/\/partnerschaftsverein-weilrod.de\/index.php\/10-05-2025-europatag-in-schlossborn\/\">10.05.2025 Europatag in Schlo\u00dfborn<\/a><\/li>\n\n\n\n<li class=\"has-large-font-size\"><a href=\"https:\/\/partnerschaftsverein-weilrod.de\/index.php\/29-05-01-06-2025-fahrt-nach-billy-berclau\/\">29.05.-01.06.2025 Fahrt nach Billy-Berclau.<\/a><\/li>\n<\/ul>\n","protected":false},"excerpt":{"rendered":"<p>Bildergalerien<\/p>\n","protected":false},"author":1,"featured_media":0,"parent":2,"menu_order":3,"comment_status":"closed","ping_status":"closed","template":"","meta":{"footnotes":""},"class_list":["post-635","page","type-page","status-publish","hentry"],"yoast_head":"<!-- This site is optimized with the Yoast SEO plugin v27.3 - https:\/\/yoast.com\/product\/yoast-seo-wordpress\/ -->\n<title>Billy-Berclau - \u00a9 2024 -2026 :: Verein zur F\u00f6rderung nationaler und internationaler Beziehungen Weilrod e.V.<\/title>\n<meta name=\"robots\" content=\"index, follow, max-snippet:-1, max-image-preview:large, max-video-preview:-1\" \/>\n<link rel=\"canonical\" href=\"https:\/\/partnerschaftsverein-weilrod.de\/index.php\/sample-page\/billy-berclau-2-0\/\" \/>\n<meta property=\"og:locale\" content=\"de_DE\" \/>\n<meta property=\"og:type\" content=\"article\" \/>\n<meta property=\"og:title\" content=\"Billy-Berclau - \u00a9 2024 -2026 :: Verein zur F\u00f6rderung nationaler und internationaler Beziehungen Weilrod e.V.\" \/>\n<meta property=\"og:description\" content=\"Bildergalerien\" \/>\n<meta property=\"og:url\" content=\"https:\/\/partnerschaftsverein-weilrod.de\/index.php\/sample-page\/billy-berclau-2-0\/\" \/>\n<meta property=\"og:site_name\" content=\"\u00a9 2024 -2026 :: Verein zur F\u00f6rderung nationaler und internationaler Beziehungen Weilrod e.V.\" \/>\n<meta property=\"article:modified_time\" content=\"2025-12-09T11:44:08+00:00\" \/>\n<meta property=\"og:image\" content=\"https:\/\/partnerschaftsverein-weilrod.de\/wp-content\/uploads\/2025\/06\/logo-billy-berclau.png\" \/>\n\t<meta property=\"og:image:width\" content=\"600\" \/>\n\t<meta property=\"og:image:height\" content=\"403\" \/>\n\t<meta property=\"og:image:type\" content=\"image\/png\" \/>\n<meta name=\"twitter:card\" content=\"summary_large_image\" \/>\n<meta name=\"twitter:label1\" content=\"Gesch\u00e4tzte Lesezeit\" \/>\n\t<meta name=\"twitter:data1\" content=\"2\u00a0Minuten\" \/>\n<script type=\"application\/ld+json\" class=\"yoast-schema-graph\">{\"@context\":\"https:\\\/\\\/schema.org\",\"@graph\":[{\"@type\":\"WebPage\",\"@id\":\"https:\\\/\\\/partnerschaftsverein-weilrod.de\\\/index.php\\\/sample-page\\\/billy-berclau-2-0\\\/\",\"url\":\"https:\\\/\\\/partnerschaftsverein-weilrod.de\\\/index.php\\\/sample-page\\\/billy-berclau-2-0\\\/\",\"name\":\"Billy-Berclau - \u00a9 2024 -2026 :: Verein zur F\u00f6rderung nationaler und internationaler Beziehungen Weilrod e.V.\",\"isPartOf\":{\"@id\":\"https:\\\/\\\/partnerschaftsverein-weilrod.de\\\/#website\"},\"primaryImageOfPage\":{\"@id\":\"https:\\\/\\\/partnerschaftsverein-weilrod.de\\\/index.php\\\/sample-page\\\/billy-berclau-2-0\\\/#primaryimage\"},\"image\":{\"@id\":\"https:\\\/\\\/partnerschaftsverein-weilrod.de\\\/index.php\\\/sample-page\\\/billy-berclau-2-0\\\/#primaryimage\"},\"thumbnailUrl\":\"https:\\\/\\\/partnerschaftsverein-weilrod.de\\\/wp-content\\\/uploads\\\/2025\\\/06\\\/logo-billy-berclau.png\",\"datePublished\":\"2025-06-16T13:49:09+00:00\",\"dateModified\":\"2025-12-09T11:44:08+00:00\",\"breadcrumb\":{\"@id\":\"https:\\\/\\\/partnerschaftsverein-weilrod.de\\\/index.php\\\/sample-page\\\/billy-berclau-2-0\\\/#breadcrumb\"},\"inLanguage\":\"de\",\"potentialAction\":[{\"@type\":\"ReadAction\",\"target\":[\"https:\\\/\\\/partnerschaftsverein-weilrod.de\\\/index.php\\\/sample-page\\\/billy-berclau-2-0\\\/\"]}]},{\"@type\":\"ImageObject\",\"inLanguage\":\"de\",\"@id\":\"https:\\\/\\\/partnerschaftsverein-weilrod.de\\\/index.php\\\/sample-page\\\/billy-berclau-2-0\\\/#primaryimage\",\"url\":\"https:\\\/\\\/partnerschaftsverein-weilrod.de\\\/wp-content\\\/uploads\\\/2025\\\/06\\\/logo-billy-berclau.png\",\"contentUrl\":\"https:\\\/\\\/partnerschaftsverein-weilrod.de\\\/wp-content\\\/uploads\\\/2025\\\/06\\\/logo-billy-berclau.png\",\"width\":600,\"height\":403},{\"@type\":\"BreadcrumbList\",\"@id\":\"https:\\\/\\\/partnerschaftsverein-weilrod.de\\\/index.php\\\/sample-page\\\/billy-berclau-2-0\\\/#breadcrumb\",\"itemListElement\":[{\"@type\":\"ListItem\",\"position\":1,\"name\":\"Startseite\",\"item\":\"https:\\\/\\\/partnerschaftsverein-weilrod.de\\\/\"},{\"@type\":\"ListItem\",\"position\":2,\"name\":\"\u00dcber den Verein\",\"item\":\"https:\\\/\\\/partnerschaftsverein-weilrod.de\\\/index.php\\\/sample-page\\\/\"},{\"@type\":\"ListItem\",\"position\":3,\"name\":\"Billy-Berclau\"}]},{\"@type\":\"WebSite\",\"@id\":\"https:\\\/\\\/partnerschaftsverein-weilrod.de\\\/#website\",\"url\":\"https:\\\/\\\/partnerschaftsverein-weilrod.de\\\/\",\"name\":\"\u00a9 2024 -2026 :: Verein zur F\u00f6rderung nationaler und internationaler Beziehungen Weilrod e.V.\",\"description\":\"\",\"publisher\":{\"@id\":\"https:\\\/\\\/partnerschaftsverein-weilrod.de\\\/#organization\"},\"potentialAction\":[{\"@type\":\"SearchAction\",\"target\":{\"@type\":\"EntryPoint\",\"urlTemplate\":\"https:\\\/\\\/partnerschaftsverein-weilrod.de\\\/?s={search_term_string}\"},\"query-input\":{\"@type\":\"PropertyValueSpecification\",\"valueRequired\":true,\"valueName\":\"search_term_string\"}}],\"inLanguage\":\"de\"},{\"@type\":\"Organization\",\"@id\":\"https:\\\/\\\/partnerschaftsverein-weilrod.de\\\/#organization\",\"name\":\"\u00a9 2024 -2026 :: Verein zur F\u00f6rderung nationaler und internationaler Beziehungen Weilrod e.V.\",\"url\":\"https:\\\/\\\/partnerschaftsverein-weilrod.de\\\/\",\"logo\":{\"@type\":\"ImageObject\",\"inLanguage\":\"de\",\"@id\":\"https:\\\/\\\/partnerschaftsverein-weilrod.de\\\/#\\\/schema\\\/logo\\\/image\\\/\",\"url\":\"https:\\\/\\\/partnerschaftsverein-weilrod.de\\\/wp-content\\\/uploads\\\/2024\\\/03\\\/Logo-rund.png\",\"contentUrl\":\"https:\\\/\\\/partnerschaftsverein-weilrod.de\\\/wp-content\\\/uploads\\\/2024\\\/03\\\/Logo-rund.png\",\"width\":1024,\"height\":1024,\"caption\":\"\u00a9 2024 -2026 :: Verein zur F\u00f6rderung nationaler und internationaler Beziehungen Weilrod e.V.\"},\"image\":{\"@id\":\"https:\\\/\\\/partnerschaftsverein-weilrod.de\\\/#\\\/schema\\\/logo\\\/image\\\/\"}}]}<\/script>\n<!-- \/ Yoast SEO plugin. -->","yoast_head_json":{"title":"Billy-Berclau - \u00a9 2024 -2026 :: Verein zur F\u00f6rderung nationaler und internationaler Beziehungen Weilrod e.V.","robots":{"index":"index","follow":"follow","max-snippet":"max-snippet:-1","max-image-preview":"max-image-preview:large","max-video-preview":"max-video-preview:-1"},"canonical":"https:\/\/partnerschaftsverein-weilrod.de\/index.php\/sample-page\/billy-berclau-2-0\/","og_locale":"de_DE","og_type":"article","og_title":"Billy-Berclau - \u00a9 2024 -2026 :: Verein zur F\u00f6rderung nationaler und internationaler Beziehungen Weilrod e.V.","og_description":"Bildergalerien","og_url":"https:\/\/partnerschaftsverein-weilrod.de\/index.php\/sample-page\/billy-berclau-2-0\/","og_site_name":"\u00a9 2024 -2026 :: Verein zur F\u00f6rderung nationaler und internationaler Beziehungen Weilrod e.V.","article_modified_time":"2025-12-09T11:44:08+00:00","og_image":[{"width":600,"height":403,"url":"https:\/\/partnerschaftsverein-weilrod.de\/wp-content\/uploads\/2025\/06\/logo-billy-berclau.png","type":"image\/png"}],"twitter_card":"summary_large_image","twitter_misc":{"Gesch\u00e4tzte Lesezeit":"2\u00a0Minuten"},"schema":{"@context":"https:\/\/schema.org","@graph":[{"@type":"WebPage","@id":"https:\/\/partnerschaftsverein-weilrod.de\/index.php\/sample-page\/billy-berclau-2-0\/","url":"https:\/\/partnerschaftsverein-weilrod.de\/index.php\/sample-page\/billy-berclau-2-0\/","name":"Billy-Berclau - \u00a9 2024 -2026 :: Verein zur F\u00f6rderung nationaler und internationaler Beziehungen Weilrod e.V.","isPartOf":{"@id":"https:\/\/partnerschaftsverein-weilrod.de\/#website"},"primaryImageOfPage":{"@id":"https:\/\/partnerschaftsverein-weilrod.de\/index.php\/sample-page\/billy-berclau-2-0\/#primaryimage"},"image":{"@id":"https:\/\/partnerschaftsverein-weilrod.de\/index.php\/sample-page\/billy-berclau-2-0\/#primaryimage"},"thumbnailUrl":"https:\/\/partnerschaftsverein-weilrod.de\/wp-content\/uploads\/2025\/06\/logo-billy-berclau.png","datePublished":"2025-06-16T13:49:09+00:00","dateModified":"2025-12-09T11:44:08+00:00","breadcrumb":{"@id":"https:\/\/partnerschaftsverein-weilrod.de\/index.php\/sample-page\/billy-berclau-2-0\/#breadcrumb"},"inLanguage":"de","potentialAction":[{"@type":"ReadAction","target":["https:\/\/partnerschaftsverein-weilrod.de\/index.php\/sample-page\/billy-berclau-2-0\/"]}]},{"@type":"ImageObject","inLanguage":"de","@id":"https:\/\/partnerschaftsverein-weilrod.de\/index.php\/sample-page\/billy-berclau-2-0\/#primaryimage","url":"https:\/\/partnerschaftsverein-weilrod.de\/wp-content\/uploads\/2025\/06\/logo-billy-berclau.png","contentUrl":"https:\/\/partnerschaftsverein-weilrod.de\/wp-content\/uploads\/2025\/06\/logo-billy-berclau.png","width":600,"height":403},{"@type":"BreadcrumbList","@id":"https:\/\/partnerschaftsverein-weilrod.de\/index.php\/sample-page\/billy-berclau-2-0\/#breadcrumb","itemListElement":[{"@type":"ListItem","position":1,"name":"Startseite","item":"https:\/\/partnerschaftsverein-weilrod.de\/"},{"@type":"ListItem","position":2,"name":"\u00dcber den Verein","item":"https:\/\/partnerschaftsverein-weilrod.de\/index.php\/sample-page\/"},{"@type":"ListItem","position":3,"name":"Billy-Berclau"}]},{"@type":"WebSite","@id":"https:\/\/partnerschaftsverein-weilrod.de\/#website","url":"https:\/\/partnerschaftsverein-weilrod.de\/","name":"\u00a9 2024 -2026 :: Verein zur F\u00f6rderung nationaler und internationaler Beziehungen Weilrod e.V.","description":"","publisher":{"@id":"https:\/\/partnerschaftsverein-weilrod.de\/#organization"},"potentialAction":[{"@type":"SearchAction","target":{"@type":"EntryPoint","urlTemplate":"https:\/\/partnerschaftsverein-weilrod.de\/?s={search_term_string}"},"query-input":{"@type":"PropertyValueSpecification","valueRequired":true,"valueName":"search_term_string"}}],"inLanguage":"de"},{"@type":"Organization","@id":"https:\/\/partnerschaftsverein-weilrod.de\/#organization","name":"\u00a9 2024 -2026 :: Verein zur F\u00f6rderung nationaler und internationaler Beziehungen Weilrod e.V.","url":"https:\/\/partnerschaftsverein-weilrod.de\/","logo":{"@type":"ImageObject","inLanguage":"de","@id":"https:\/\/partnerschaftsverein-weilrod.de\/#\/schema\/logo\/image\/","url":"https:\/\/partnerschaftsverein-weilrod.de\/wp-content\/uploads\/2024\/03\/Logo-rund.png","contentUrl":"https:\/\/partnerschaftsverein-weilrod.de\/wp-content\/uploads\/2024\/03\/Logo-rund.png","width":1024,"height":1024,"caption":"\u00a9 2024 -2026 :: Verein zur F\u00f6rderung nationaler und internationaler Beziehungen Weilrod e.V."},"image":{"@id":"https:\/\/partnerschaftsverein-weilrod.de\/#\/schema\/logo\/image\/"}}]}},"_links":{"self":[{"href":"https:\/\/partnerschaftsverein-weilrod.de\/index.php\/wp-json\/wp\/v2\/pages\/635","targetHints":{"allow":["GET"]}}],"collection":[{"href":"https:\/\/partnerschaftsverein-weilrod.de\/index.php\/wp-json\/wp\/v2\/pages"}],"about":[{"href":"https:\/\/partnerschaftsverein-weilrod.de\/index.php\/wp-json\/wp\/v2\/types\/page"}],"author":[{"embeddable":true,"href":"https:\/\/partnerschaftsverein-weilrod.de\/index.php\/wp-json\/wp\/v2\/users\/1"}],"replies":[{"embeddable":true,"href":"https:\/\/partnerschaftsverein-weilrod.de\/index.php\/wp-json\/wp\/v2\/comments?post=635"}],"version-history":[{"count":11,"href":"https:\/\/partnerschaftsverein-weilrod.de\/index.php\/wp-json\/wp\/v2\/pages\/635\/revisions"}],"predecessor-version":[{"id":672,"href":"https:\/\/partnerschaftsverein-weilrod.de\/index.php\/wp-json\/wp\/v2\/pages\/635\/revisions\/672"}],"up":[{"embeddable":true,"href":"https:\/\/partnerschaftsverein-weilrod.de\/index.php\/wp-json\/wp\/v2\/pages\/2"}],"wp:attachment":[{"href":"https:\/\/partnerschaftsverein-weilrod.de\/index.php\/wp-json\/wp\/v2\/media?parent=635"}],"curies":[{"name":"wp","href":"https:\/\/api.w.org\/{rel}","templated":true}]}}