{"id":368,"date":"2025-01-27T09:44:59","date_gmt":"2025-01-27T09:44:59","guid":{"rendered":"https:\/\/partnerschaftsverein-weilrod.de\/?page_id=368"},"modified":"2025-01-27T10:39:14","modified_gmt":"2025-01-27T10:39:14","slug":"der-vorstand-stellt-sich-vor-2","status":"publish","type":"page","link":"https:\/\/partnerschaftsverein-weilrod.de\/index.php\/sample-page\/der-vorstand-stellt-sich-vor-2\/","title":{"rendered":"Der Vorstand stellt sich vor"},"content":{"rendered":"\n<figure class=\"wp-block-image size-full\"><img loading=\"lazy\" decoding=\"async\" width=\"777\" height=\"427\" src=\"https:\/\/partnerschaftsverein-weilrod.de\/wp-content\/uploads\/2025\/01\/2025_01_27_Foto-Vorstand.jpg\" alt=\"\" class=\"wp-image-412\" srcset=\"https:\/\/partnerschaftsverein-weilrod.de\/wp-content\/uploads\/2025\/01\/2025_01_27_Foto-Vorstand.jpg 777w, https:\/\/partnerschaftsverein-weilrod.de\/wp-content\/uploads\/2025\/01\/2025_01_27_Foto-Vorstand-300x165.jpg 300w, https:\/\/partnerschaftsverein-weilrod.de\/wp-content\/uploads\/2025\/01\/2025_01_27_Foto-Vorstand-768x422.jpg 768w\" sizes=\"auto, (max-width: 777px) 100vw, 777px\" \/><\/figure>\n\n\n\n<p><strong><em>Vorsitzender<\/em><\/strong><br>G\u00f6tz Esser (Foto: au\u00dfen rechts)<br>g\u00f6tz.esser@partnerschaftsverein-weilrod.de<\/p>\n\n\n\n<p><strong><em>Vertreter<\/em><\/strong><br>Isabelle Rumpf &#8211; Ansprechpartnerin f\u00fcr Billy-Berclau (Foto: Mitte)<br>isabelle.rumpf@partnerschaftsverein-weilrod.de<\/p>\n\n\n\n<p>J\u00f6rg Hill &#8211; Ansprechpartner f\u00fcr Drei Gleichen (Foto: 2. von links)<br>joerg.hill@partnerschaftsverein-weilrod.de<\/p>\n\n\n\n<p><strong><em>Schriftf\u00fchrer<\/em><br><\/strong>Dominik Euler (Foto: 2. von rechts)<br>dominik.euler@partnerschaftsverein-weilrod.de<\/p>\n\n\n\n<p><strong><em>Stellvertretende Schriftf\u00fchrerin<br><\/em><\/strong>Martina Humez (Foto: 3. von links)<br>martina.humez@partnerschaftsverein-weilrod.de<\/p>\n\n\n\n<p><strong><em>Kassenverwalter<\/em><\/strong><br>Christian H\u00fcbschen (Foto: 4. von links)<br>christian.huebschen@partnerschaftsverein-weilrod.de<br><br><strong><em>Stellvertretender Kassenverwalter<br><\/em><\/strong>Mathias Habermann (Foto: 4. von rechts)<br>Mathias.habermann@partnerschaftsverein-weilrod.de<\/p>\n\n\n\n<p><em><strong>Beisitzer<\/strong><br><\/em>Sylvia Knickmann (Foto: links)<br>sylvia.knickmann@partnerschaftsverein-weilrod.de<br><br>Karsten M\u00fcller (Foto: 3. von rechts)<br>karsten.mueller@partnerschaftsverein-weilrod.de<\/p>\n","protected":false},"excerpt":{"rendered":"<p>VorsitzenderG\u00f6tz Esser (Foto: au\u00dfen rechts)g\u00f6tz.esser@partnerschaftsverein-weilrod.de VertreterIsabelle Rumpf &#8211; Ansprechpartnerin f\u00fcr Billy-Berclau (Foto: Mitte)isabelle.rumpf@partnerschaftsverein-weilrod.de J\u00f6rg Hill &#8211; Ansprechpartner f\u00fcr Drei Gleichen (Foto: 2. von links)joerg.hill@partnerschaftsverein-weilrod.de Schriftf\u00fchrerDominik Euler (Foto: 2. von rechts)dominik.euler@partnerschaftsverein-weilrod.de Stellvertretende Schriftf\u00fchrerinMartina Humez (Foto: 3. von links)martina.humez@partnerschaftsverein-weilrod.de KassenverwalterChristian H\u00fcbschen (Foto: 4. von links)christian.huebschen@partnerschaftsverein-weilrod.de Stellvertretender KassenverwalterMathias Habermann (Foto: 4. von rechts)Mathias.habermann@partnerschaftsverein-weilrod.de BeisitzerSylvia Knickmann (Foto: links)sylvia.knickmann@partnerschaftsverein-weilrod.de Karsten [&hellip;]<\/p>\n","protected":false},"author":1,"featured_media":0,"parent":2,"menu_order":0,"comment_status":"closed","ping_status":"closed","template":"","meta":{"footnotes":""},"class_list":["post-368","page","type-page","status-publish","hentry"],"yoast_head":"<!-- This site is optimized with the Yoast SEO plugin v27.3 - https:\/\/yoast.com\/product\/yoast-seo-wordpress\/ -->\n<title>Der Vorstand stellt sich vor - \u00a9 2024 -2026 :: Verein zur F\u00f6rderung nationaler und internationaler Beziehungen Weilrod e.V.<\/title>\n<meta name=\"robots\" content=\"index, follow, max-snippet:-1, max-image-preview:large, max-video-preview:-1\" \/>\n<link rel=\"canonical\" href=\"https:\/\/partnerschaftsverein-weilrod.de\/index.php\/sample-page\/der-vorstand-stellt-sich-vor-2\/\" \/>\n<meta property=\"og:locale\" content=\"de_DE\" \/>\n<meta property=\"og:type\" content=\"article\" \/>\n<meta property=\"og:title\" content=\"Der Vorstand stellt sich vor - \u00a9 2024 -2026 :: Verein zur F\u00f6rderung nationaler und internationaler Beziehungen Weilrod e.V.\" \/>\n<meta property=\"og:description\" content=\"VorsitzenderG\u00f6tz Esser (Foto: au\u00dfen rechts)g\u00f6tz.esser@partnerschaftsverein-weilrod.de VertreterIsabelle Rumpf &#8211; Ansprechpartnerin f\u00fcr Billy-Berclau (Foto: Mitte)isabelle.rumpf@partnerschaftsverein-weilrod.de J\u00f6rg Hill &#8211; Ansprechpartner f\u00fcr Drei Gleichen (Foto: 2. von links)joerg.hill@partnerschaftsverein-weilrod.de Schriftf\u00fchrerDominik Euler (Foto: 2. von rechts)dominik.euler@partnerschaftsverein-weilrod.de Stellvertretende Schriftf\u00fchrerinMartina Humez (Foto: 3. von links)martina.humez@partnerschaftsverein-weilrod.de KassenverwalterChristian H\u00fcbschen (Foto: 4. von links)christian.huebschen@partnerschaftsverein-weilrod.de Stellvertretender KassenverwalterMathias Habermann (Foto: 4. von rechts)Mathias.habermann@partnerschaftsverein-weilrod.de BeisitzerSylvia Knickmann (Foto: links)sylvia.knickmann@partnerschaftsverein-weilrod.de Karsten [&hellip;]\" \/>\n<meta property=\"og:url\" content=\"https:\/\/partnerschaftsverein-weilrod.de\/index.php\/sample-page\/der-vorstand-stellt-sich-vor-2\/\" \/>\n<meta property=\"og:site_name\" content=\"\u00a9 2024 -2026 :: Verein zur F\u00f6rderung nationaler und internationaler Beziehungen Weilrod e.V.\" \/>\n<meta property=\"article:modified_time\" content=\"2025-01-27T10:39:14+00:00\" \/>\n<meta property=\"og:image\" content=\"https:\/\/partnerschaftsverein-weilrod.de\/wp-content\/uploads\/2025\/01\/2025_01_27_Foto-Vorstand.jpg\" \/>\n\t<meta property=\"og:image:width\" content=\"777\" \/>\n\t<meta property=\"og:image:height\" content=\"427\" \/>\n\t<meta property=\"og:image:type\" content=\"image\/jpeg\" \/>\n<meta name=\"twitter:card\" content=\"summary_large_image\" \/>\n<meta name=\"twitter:label1\" content=\"Gesch\u00e4tzte Lesezeit\" \/>\n\t<meta name=\"twitter:data1\" content=\"1\u00a0Minute\" \/>\n<script type=\"application\/ld+json\" class=\"yoast-schema-graph\">{\"@context\":\"https:\\\/\\\/schema.org\",\"@graph\":[{\"@type\":\"WebPage\",\"@id\":\"https:\\\/\\\/partnerschaftsverein-weilrod.de\\\/index.php\\\/sample-page\\\/der-vorstand-stellt-sich-vor-2\\\/\",\"url\":\"https:\\\/\\\/partnerschaftsverein-weilrod.de\\\/index.php\\\/sample-page\\\/der-vorstand-stellt-sich-vor-2\\\/\",\"name\":\"Der Vorstand stellt sich vor - \u00a9 2024 -2026 :: Verein zur F\u00f6rderung nationaler und internationaler Beziehungen Weilrod e.V.\",\"isPartOf\":{\"@id\":\"https:\\\/\\\/partnerschaftsverein-weilrod.de\\\/#website\"},\"primaryImageOfPage\":{\"@id\":\"https:\\\/\\\/partnerschaftsverein-weilrod.de\\\/index.php\\\/sample-page\\\/der-vorstand-stellt-sich-vor-2\\\/#primaryimage\"},\"image\":{\"@id\":\"https:\\\/\\\/partnerschaftsverein-weilrod.de\\\/index.php\\\/sample-page\\\/der-vorstand-stellt-sich-vor-2\\\/#primaryimage\"},\"thumbnailUrl\":\"https:\\\/\\\/partnerschaftsverein-weilrod.de\\\/wp-content\\\/uploads\\\/2025\\\/01\\\/2025_01_27_Foto-Vorstand.jpg\",\"datePublished\":\"2025-01-27T09:44:59+00:00\",\"dateModified\":\"2025-01-27T10:39:14+00:00\",\"breadcrumb\":{\"@id\":\"https:\\\/\\\/partnerschaftsverein-weilrod.de\\\/index.php\\\/sample-page\\\/der-vorstand-stellt-sich-vor-2\\\/#breadcrumb\"},\"inLanguage\":\"de\",\"potentialAction\":[{\"@type\":\"ReadAction\",\"target\":[\"https:\\\/\\\/partnerschaftsverein-weilrod.de\\\/index.php\\\/sample-page\\\/der-vorstand-stellt-sich-vor-2\\\/\"]}]},{\"@type\":\"ImageObject\",\"inLanguage\":\"de\",\"@id\":\"https:\\\/\\\/partnerschaftsverein-weilrod.de\\\/index.php\\\/sample-page\\\/der-vorstand-stellt-sich-vor-2\\\/#primaryimage\",\"url\":\"https:\\\/\\\/partnerschaftsverein-weilrod.de\\\/wp-content\\\/uploads\\\/2025\\\/01\\\/2025_01_27_Foto-Vorstand.jpg\",\"contentUrl\":\"https:\\\/\\\/partnerschaftsverein-weilrod.de\\\/wp-content\\\/uploads\\\/2025\\\/01\\\/2025_01_27_Foto-Vorstand.jpg\",\"width\":777,\"height\":427},{\"@type\":\"BreadcrumbList\",\"@id\":\"https:\\\/\\\/partnerschaftsverein-weilrod.de\\\/index.php\\\/sample-page\\\/der-vorstand-stellt-sich-vor-2\\\/#breadcrumb\",\"itemListElement\":[{\"@type\":\"ListItem\",\"position\":1,\"name\":\"Startseite\",\"item\":\"https:\\\/\\\/partnerschaftsverein-weilrod.de\\\/\"},{\"@type\":\"ListItem\",\"position\":2,\"name\":\"\u00dcber den Verein\",\"item\":\"https:\\\/\\\/partnerschaftsverein-weilrod.de\\\/index.php\\\/sample-page\\\/\"},{\"@type\":\"ListItem\",\"position\":3,\"name\":\"Der Vorstand stellt sich vor\"}]},{\"@type\":\"WebSite\",\"@id\":\"https:\\\/\\\/partnerschaftsverein-weilrod.de\\\/#website\",\"url\":\"https:\\\/\\\/partnerschaftsverein-weilrod.de\\\/\",\"name\":\"\u00a9 2024 -2026 :: Verein zur F\u00f6rderung nationaler und internationaler Beziehungen Weilrod e.V.\",\"description\":\"\",\"publisher\":{\"@id\":\"https:\\\/\\\/partnerschaftsverein-weilrod.de\\\/#organization\"},\"potentialAction\":[{\"@type\":\"SearchAction\",\"target\":{\"@type\":\"EntryPoint\",\"urlTemplate\":\"https:\\\/\\\/partnerschaftsverein-weilrod.de\\\/?s={search_term_string}\"},\"query-input\":{\"@type\":\"PropertyValueSpecification\",\"valueRequired\":true,\"valueName\":\"search_term_string\"}}],\"inLanguage\":\"de\"},{\"@type\":\"Organization\",\"@id\":\"https:\\\/\\\/partnerschaftsverein-weilrod.de\\\/#organization\",\"name\":\"\u00a9 2024 -2026 :: Verein zur F\u00f6rderung nationaler und internationaler Beziehungen Weilrod e.V.\",\"url\":\"https:\\\/\\\/partnerschaftsverein-weilrod.de\\\/\",\"logo\":{\"@type\":\"ImageObject\",\"inLanguage\":\"de\",\"@id\":\"https:\\\/\\\/partnerschaftsverein-weilrod.de\\\/#\\\/schema\\\/logo\\\/image\\\/\",\"url\":\"https:\\\/\\\/partnerschaftsverein-weilrod.de\\\/wp-content\\\/uploads\\\/2024\\\/03\\\/Logo-rund.png\",\"contentUrl\":\"https:\\\/\\\/partnerschaftsverein-weilrod.de\\\/wp-content\\\/uploads\\\/2024\\\/03\\\/Logo-rund.png\",\"width\":1024,\"height\":1024,\"caption\":\"\u00a9 2024 -2026 :: Verein zur F\u00f6rderung nationaler und internationaler Beziehungen Weilrod e.V.\"},\"image\":{\"@id\":\"https:\\\/\\\/partnerschaftsverein-weilrod.de\\\/#\\\/schema\\\/logo\\\/image\\\/\"}}]}<\/script>\n<!-- \/ Yoast SEO plugin. -->","yoast_head_json":{"title":"Der Vorstand stellt sich vor - \u00a9 2024 -2026 :: Verein zur F\u00f6rderung nationaler und internationaler Beziehungen Weilrod e.V.","robots":{"index":"index","follow":"follow","max-snippet":"max-snippet:-1","max-image-preview":"max-image-preview:large","max-video-preview":"max-video-preview:-1"},"canonical":"https:\/\/partnerschaftsverein-weilrod.de\/index.php\/sample-page\/der-vorstand-stellt-sich-vor-2\/","og_locale":"de_DE","og_type":"article","og_title":"Der Vorstand stellt sich vor - \u00a9 2024 -2026 :: Verein zur F\u00f6rderung nationaler und internationaler Beziehungen Weilrod e.V.","og_description":"VorsitzenderG\u00f6tz Esser (Foto: au\u00dfen rechts)g\u00f6tz.esser@partnerschaftsverein-weilrod.de VertreterIsabelle Rumpf &#8211; Ansprechpartnerin f\u00fcr Billy-Berclau (Foto: Mitte)isabelle.rumpf@partnerschaftsverein-weilrod.de J\u00f6rg Hill &#8211; Ansprechpartner f\u00fcr Drei Gleichen (Foto: 2. von links)joerg.hill@partnerschaftsverein-weilrod.de Schriftf\u00fchrerDominik Euler (Foto: 2. von rechts)dominik.euler@partnerschaftsverein-weilrod.de Stellvertretende Schriftf\u00fchrerinMartina Humez (Foto: 3. von links)martina.humez@partnerschaftsverein-weilrod.de KassenverwalterChristian H\u00fcbschen (Foto: 4. von links)christian.huebschen@partnerschaftsverein-weilrod.de Stellvertretender KassenverwalterMathias Habermann (Foto: 4. von rechts)Mathias.habermann@partnerschaftsverein-weilrod.de BeisitzerSylvia Knickmann (Foto: links)sylvia.knickmann@partnerschaftsverein-weilrod.de Karsten [&hellip;]","og_url":"https:\/\/partnerschaftsverein-weilrod.de\/index.php\/sample-page\/der-vorstand-stellt-sich-vor-2\/","og_site_name":"\u00a9 2024 -2026 :: Verein zur F\u00f6rderung nationaler und internationaler Beziehungen Weilrod e.V.","article_modified_time":"2025-01-27T10:39:14+00:00","og_image":[{"width":777,"height":427,"url":"https:\/\/partnerschaftsverein-weilrod.de\/wp-content\/uploads\/2025\/01\/2025_01_27_Foto-Vorstand.jpg","type":"image\/jpeg"}],"twitter_card":"summary_large_image","twitter_misc":{"Gesch\u00e4tzte Lesezeit":"1\u00a0Minute"},"schema":{"@context":"https:\/\/schema.org","@graph":[{"@type":"WebPage","@id":"https:\/\/partnerschaftsverein-weilrod.de\/index.php\/sample-page\/der-vorstand-stellt-sich-vor-2\/","url":"https:\/\/partnerschaftsverein-weilrod.de\/index.php\/sample-page\/der-vorstand-stellt-sich-vor-2\/","name":"Der Vorstand stellt sich vor - \u00a9 2024 -2026 :: Verein zur F\u00f6rderung nationaler und internationaler Beziehungen Weilrod e.V.","isPartOf":{"@id":"https:\/\/partnerschaftsverein-weilrod.de\/#website"},"primaryImageOfPage":{"@id":"https:\/\/partnerschaftsverein-weilrod.de\/index.php\/sample-page\/der-vorstand-stellt-sich-vor-2\/#primaryimage"},"image":{"@id":"https:\/\/partnerschaftsverein-weilrod.de\/index.php\/sample-page\/der-vorstand-stellt-sich-vor-2\/#primaryimage"},"thumbnailUrl":"https:\/\/partnerschaftsverein-weilrod.de\/wp-content\/uploads\/2025\/01\/2025_01_27_Foto-Vorstand.jpg","datePublished":"2025-01-27T09:44:59+00:00","dateModified":"2025-01-27T10:39:14+00:00","breadcrumb":{"@id":"https:\/\/partnerschaftsverein-weilrod.de\/index.php\/sample-page\/der-vorstand-stellt-sich-vor-2\/#breadcrumb"},"inLanguage":"de","potentialAction":[{"@type":"ReadAction","target":["https:\/\/partnerschaftsverein-weilrod.de\/index.php\/sample-page\/der-vorstand-stellt-sich-vor-2\/"]}]},{"@type":"ImageObject","inLanguage":"de","@id":"https:\/\/partnerschaftsverein-weilrod.de\/index.php\/sample-page\/der-vorstand-stellt-sich-vor-2\/#primaryimage","url":"https:\/\/partnerschaftsverein-weilrod.de\/wp-content\/uploads\/2025\/01\/2025_01_27_Foto-Vorstand.jpg","contentUrl":"https:\/\/partnerschaftsverein-weilrod.de\/wp-content\/uploads\/2025\/01\/2025_01_27_Foto-Vorstand.jpg","width":777,"height":427},{"@type":"BreadcrumbList","@id":"https:\/\/partnerschaftsverein-weilrod.de\/index.php\/sample-page\/der-vorstand-stellt-sich-vor-2\/#breadcrumb","itemListElement":[{"@type":"ListItem","position":1,"name":"Startseite","item":"https:\/\/partnerschaftsverein-weilrod.de\/"},{"@type":"ListItem","position":2,"name":"\u00dcber den Verein","item":"https:\/\/partnerschaftsverein-weilrod.de\/index.php\/sample-page\/"},{"@type":"ListItem","position":3,"name":"Der Vorstand stellt sich vor"}]},{"@type":"WebSite","@id":"https:\/\/partnerschaftsverein-weilrod.de\/#website","url":"https:\/\/partnerschaftsverein-weilrod.de\/","name":"\u00a9 2024 -2026 :: Verein zur F\u00f6rderung nationaler und internationaler Beziehungen Weilrod e.V.","description":"","publisher":{"@id":"https:\/\/partnerschaftsverein-weilrod.de\/#organization"},"potentialAction":[{"@type":"SearchAction","target":{"@type":"EntryPoint","urlTemplate":"https:\/\/partnerschaftsverein-weilrod.de\/?s={search_term_string}"},"query-input":{"@type":"PropertyValueSpecification","valueRequired":true,"valueName":"search_term_string"}}],"inLanguage":"de"},{"@type":"Organization","@id":"https:\/\/partnerschaftsverein-weilrod.de\/#organization","name":"\u00a9 2024 -2026 :: Verein zur F\u00f6rderung nationaler und internationaler Beziehungen Weilrod e.V.","url":"https:\/\/partnerschaftsverein-weilrod.de\/","logo":{"@type":"ImageObject","inLanguage":"de","@id":"https:\/\/partnerschaftsverein-weilrod.de\/#\/schema\/logo\/image\/","url":"https:\/\/partnerschaftsverein-weilrod.de\/wp-content\/uploads\/2024\/03\/Logo-rund.png","contentUrl":"https:\/\/partnerschaftsverein-weilrod.de\/wp-content\/uploads\/2024\/03\/Logo-rund.png","width":1024,"height":1024,"caption":"\u00a9 2024 -2026 :: Verein zur F\u00f6rderung nationaler und internationaler Beziehungen Weilrod e.V."},"image":{"@id":"https:\/\/partnerschaftsverein-weilrod.de\/#\/schema\/logo\/image\/"}}]}},"_links":{"self":[{"href":"https:\/\/partnerschaftsverein-weilrod.de\/index.php\/wp-json\/wp\/v2\/pages\/368","targetHints":{"allow":["GET"]}}],"collection":[{"href":"https:\/\/partnerschaftsverein-weilrod.de\/index.php\/wp-json\/wp\/v2\/pages"}],"about":[{"href":"https:\/\/partnerschaftsverein-weilrod.de\/index.php\/wp-json\/wp\/v2\/types\/page"}],"author":[{"embeddable":true,"href":"https:\/\/partnerschaftsverein-weilrod.de\/index.php\/wp-json\/wp\/v2\/users\/1"}],"replies":[{"embeddable":true,"href":"https:\/\/partnerschaftsverein-weilrod.de\/index.php\/wp-json\/wp\/v2\/comments?post=368"}],"version-history":[{"count":6,"href":"https:\/\/partnerschaftsverein-weilrod.de\/index.php\/wp-json\/wp\/v2\/pages\/368\/revisions"}],"predecessor-version":[{"id":415,"href":"https:\/\/partnerschaftsverein-weilrod.de\/index.php\/wp-json\/wp\/v2\/pages\/368\/revisions\/415"}],"up":[{"embeddable":true,"href":"https:\/\/partnerschaftsverein-weilrod.de\/index.php\/wp-json\/wp\/v2\/pages\/2"}],"wp:attachment":[{"href":"https:\/\/partnerschaftsverein-weilrod.de\/index.php\/wp-json\/wp\/v2\/media?parent=368"}],"curies":[{"name":"wp","href":"https:\/\/api.w.org\/{rel}","templated":true}]}}