{"id":191,"date":"2024-04-29T09:21:21","date_gmt":"2024-04-29T09:21:21","guid":{"rendered":"https:\/\/partnerschaftsverein-weilrod.de\/?page_id=191"},"modified":"2024-04-30T11:20:05","modified_gmt":"2024-04-30T11:20:05","slug":"einwilligungserklaerung-zur-nutzung-von-fotoaufnahmen-gemaess-art-9-abs-2-lit-a-dsgvo","status":"publish","type":"page","link":"https:\/\/partnerschaftsverein-weilrod.de\/index.php\/sample-page\/einwilligungserklaerung-zur-nutzung-von-fotoaufnahmen-gemaess-art-9-abs-2-lit-a-dsgvo\/","title":{"rendered":"Einwilligungserkl\u00e4rung zur Nutzung von Fotoaufnahmen gem\u00e4\u00df Art. 9 Abs. 2 lit. a) DSGVO"},"content":{"rendered":"\n<p><strong>Es gibt zwei M\u00f6glichkeiten der Zustimmung:<br><\/strong><\/p>\n\n\n\n<p><strong>1.) ausf\u00fcllen des Onlineformulars auf dieser Seite mit elektronischer Unterschrift.<\/strong><\/p>\n\n\n\n<div class=\"wpcf7 no-js\" id=\"wpcf7-f194-o1\" lang=\"de-DE\" dir=\"ltr\" data-wpcf7-id=\"194\">\n<div class=\"screen-reader-response\"><p role=\"status\" aria-live=\"polite\" aria-atomic=\"true\"><\/p> <ul><\/ul><\/div>\n<form action=\"\/index.php\/wp-json\/wp\/v2\/pages\/191#wpcf7-f194-o1\" method=\"post\" class=\"wpcf7-form init\" aria-label=\"Kontaktformular\" novalidate=\"novalidate\" data-status=\"init\">\n<fieldset class=\"hidden-fields-container\"><input type=\"hidden\" name=\"_wpcf7\" value=\"194\" \/><input type=\"hidden\" name=\"_wpcf7_version\" value=\"6.1.5\" \/><input type=\"hidden\" name=\"_wpcf7_locale\" value=\"de_DE\" \/><input type=\"hidden\" name=\"_wpcf7_unit_tag\" value=\"wpcf7-f194-o1\" \/><input type=\"hidden\" name=\"_wpcf7_container_post\" value=\"0\" \/><input type=\"hidden\" name=\"_wpcf7_posted_data_hash\" value=\"\" \/>\n<\/fieldset>\n<p>Einwilligungserkl\u00e4rung zur Nutzung von Fotoaufnahmen gem\u00e4\u00df Art. 9 Abs. 2 lit. a) DSGVO\n<\/p>\n<p><b>Pr\u00e4ambel<\/b><br \/>\nDiese Einwilligungserkl\u00e4rung wird unter Beachtung des Bundesdatenschutzgesetzes (BDSG) und der ab 25.05.2018 geltenden EU-Datenschutzgrundverordnung (DSGVO) sowie aller sonstigen einschl\u00e4gigen datenschutzrechtlichen Vorschriften geschlossen. F\u00fcr diese Vereinbarung gelten die jeweils in Kraft stehenden Gesetzesvorschriften in ihrer jeweils aktuellen Fassung.<br \/>\nDiese Einwilligungserkl\u00e4rung betrifft die Erhebung, Verarbeitung und Nutzung personenbezogener Daten i.S.d. BDSG und DSGVO durch den Verantwortlichen unter Ber\u00fccksichtigung der Einwilligung. Personenbezogene Daten sind Einzelangaben \u00fcber pers\u00f6nliche oder sachliche Verh\u00e4ltnisse einer bestimmten oder bestimmbaren nat\u00fcrlichen Person (\u201eBetroffener\u201c). Die Vereinbarung hat die Verwendung von personenbezogenen Daten zum Gegenstand (Fotografische Aufnahmen).\n<\/p>\n<p><b>1. Verantwortlichkeit f\u00fcr die Datenverarbeitung<\/b><br \/>\n\"Verein zur F\u00f6rderung nationaler und internationaler Beziehungen Weilrod e.V.\"<br \/>\nWeilblick 16<br \/>\n61276 Weilrod info@partnerschaftsverein-weilrod.de<br \/>\nhttps:\/\/partnerschaftsverein-weilrod.de<br \/>\nKontaktdaten unseres Datenschutzbeauftragten:<br \/>\nDSB \"Verein zur F\u00f6rderung nationaler und internationaler Beziehungen Weilrod e.V.\"<br \/>\ndsb@partnerschaftsverein-weilrod.de\n<\/p>\n<p><b>2. Gegenstand und Zweck der Einwilligung<\/b><br \/>\nUm die Au\u00dfendarstellung unseres Vereins weiter zu optimieren, sehen wir es als geboten an, unsere Mitglieder und Besucher unserer Veranstaltungen auf der Internetseite\/Social-Media-Kan\u00e4len, Flyer, Brosch\u00fcren mit Lichtbild zu pr\u00e4sentieren. Hierf\u00fcr brauchen wir Ihre Mitwirkung. Wir m\u00f6chten Sie gerne bitten, uns eine Einwilligung f\u00fcr die Verwendung von Foto- oder Videoaufnahmen von Ihnen zu erteilen, soweit diese Fotos\/Videos von uns im Zusammenhang mit unserer Vereinst\u00e4tigkeit erstellt worden ist.\n<\/p>\n<p><b>3. Dauer der Verarbeitung<\/b><br \/>\nIhre Einwilligung ist selbstverst\u00e4ndlich freiwillig und Sie k\u00f6nnen sie jederzeit mit Wirkung f\u00fcr die Zukunft ganz oder teilweise widerrufen. Im Falle eines Widerrufs werden wir die Fotos unverz\u00fcglich von unserer Internetseite entfernen.\n<\/p>\n<p><b>4. Empf\u00e4nger Ihrer Daten<\/b><br \/>\nEine \u00dcbermittlung Ihrer (besonders) personenbezogenen Daten an Dritte findet nicht statt.\n<\/p>\n<p><b>5. Ihre Rechte<\/b><br \/>\nSie haben das Recht, \u00fcber die Sie betreffenden personenbezogenen Daten Auskunft zu erhalten (Art. 15 DSGVO). Auch k\u00f6nnen Sie die Berichtigung unrichtiger Daten verlangen (Art. 16 DSGVO). Dar\u00fcber hinaus steht Ihnen unter bestimmten Voraussetzungen das Recht auf L\u00f6schung von Daten (Art. 17 DSGVO), das Recht auf Einschr\u00e4nkung der Datenverarbeitung (Art. 18 DSGVO) sowie das Recht auf Daten\u00fcbertragbarkeit (Art. 20 DSGVO) zu. Sie haben das Recht, die Einwilligung f\u00fcr die zuk\u00fcnftige Verarbeitung zu widerrufen (Art. 7 Abs. 3 DSGVO). Dar\u00fcber hinaus haben Sie ggfs. auch ein Widerspruchsrecht gem. Art. 21 DSGVO im Fall der Verarbeitung im Rahmen eines berechtigten Interesses. Sie haben ferner das Recht, sich bei der zust\u00e4ndigen Aufsichtsbeh\u00f6rde f\u00fcr den Datenschutz zu beschweren, wenn Sie der Ansicht sind, dass die Verarbeitung Ihrer personenbezogenen Daten nicht rechtm\u00e4\u00dfig erfolgt.<br \/>\nDie Anschrift der f\u00fcr uns zust\u00e4ndigen Aufsichtsbeh\u00f6rde lautet:<br \/>\nHochtaunuskreis - Der Kreisausschuss Ludwig-Erhard-Anlage 1\u20135<br \/>\n61352 Bad Homburg v. d. H\u00f6he<br \/>\nE-Mail: bis@hochtaunuskreis.de Telefon: 06172\/999-0\n<\/p>\n<p><b>6. Rechtsgrundlage<\/b><br \/>\nDie Rechtsgrundlage dieser Datenverarbeitung ist Ihre Einwilligung gem. Artikel 9 Abs. 2. lit. a) DSGVO.\n<\/p>\n<p><b>7. Bereitstellung der personenbezogenen Daten<\/b><br \/>\nIm Falle der Nichtbereitstellung eines Fotos Ihrerseits wird keine fotografische Darstellung von Ihnen auf unserer<br \/>\nWebseite ver\u00f6ffentlicht.\n<\/p>\n<p><b>8. Weitere Informationen zum Datenschutz<\/b><br \/>\nWeitere Informationen \u00fcber die Datenverarbeitung finden Sie auf unserer Datenschutzerkl\u00e4rung der Homepage.<br \/>\nhttps:\/\/partnerschaftsverein-weilrod.de\/index.php\/datenschutzerklaerung\n<\/p>\n<p><b>9. Erkl\u00e4rung<\/b><br \/>\nDer Unterzeichner erkl\u00e4rt sein Einverst\u00e4ndnis mit der (unentgeltlichen) Verwendung der fotografischen Aufnahmen seiner Person f\u00fcr die oben beschriebenen Zwecke. Eine Verwendung der fotografischen Aufnahmen f\u00fcr andere als die beschriebenen Zwecke oder ein Inverkehrbringen durch \u00dcberlassung der Aufnahmen an Dritte ist unzul\u00e4ssig.<br \/>\nDiese Einwilligung ist freiwillig und nach den gesetzlich vorgeschriebenen Bedingungen gem. Art. 7 DSGVO erstellt worden. Wird sie nicht erteilt, entstehen keine Nachteile. Diese Einwilligung kann jederzeit mit Wirkung f\u00fcr die Zukunft widerrufen werden.\n<\/p>\n<p><label> Ort<br \/>\n<span class=\"wpcf7-form-control-wrap\" data-name=\"Ort\"><input size=\"40\" maxlength=\"400\" class=\"wpcf7-form-control wpcf7-text wpcf7-validates-as-required\" aria-required=\"true\" aria-invalid=\"false\" value=\"\" type=\"text\" name=\"Ort\" \/><\/span> <\/label>\n<\/p>\n<p><label> Datum<br \/>\n<span class=\"wpcf7-form-control-wrap\" data-name=\"date-652\"><input class=\"wpcf7-form-control wpcf7-date wpcf7-validates-as-required wpcf7-validates-as-date\" aria-required=\"true\" aria-invalid=\"false\" value=\"\" type=\"date\" name=\"date-652\" \/><\/span> <\/label>\n<\/p>\n<p><label> Vor- Nachname<br \/>\n<span class=\"wpcf7-form-control-wrap\" data-name=\"your-name\"><input size=\"40\" maxlength=\"400\" class=\"wpcf7-form-control wpcf7-text wpcf7-validates-as-required\" autocomplete=\"name\" aria-required=\"true\" aria-invalid=\"false\" value=\"\" type=\"text\" name=\"your-name\" \/><\/span> <\/label>\n<\/p>\n<p><label> Deine E-Mail-Adresse<br \/>\n<span class=\"wpcf7-form-control-wrap\" data-name=\"your-email\"><input size=\"40\" maxlength=\"400\" class=\"wpcf7-form-control wpcf7-email wpcf7-validates-as-required wpcf7-text wpcf7-validates-as-email\" autocomplete=\"email\" aria-required=\"true\" aria-invalid=\"false\" value=\"\" type=\"email\" name=\"your-email\" \/><\/span> <\/label>\n<\/p>\n<p><label> Deine Nachricht (optional)<br \/>\n<span class=\"wpcf7-form-control-wrap\" data-name=\"your-message\"><textarea cols=\"40\" rows=\"10\" maxlength=\"2000\" class=\"wpcf7-form-control wpcf7-textarea\" aria-invalid=\"false\" name=\"your-message\"><\/textarea><\/span> <\/label><br \/>\n<span class=\"wpcf7-form-control-wrap\" data-name=\"hcap-cf7\">\t\t<input\n\t\t\t\ttype=\"hidden\"\n\t\t\t\tclass=\"hcaptcha-widget-id\"\n\t\t\t\tname=\"hcaptcha-widget-id\"\n\t\t\t\tvalue=\"eyJzb3VyY2UiOlsiY29udGFjdC1mb3JtLTdcL3dwLWNvbnRhY3QtZm9ybS03LnBocCJdLCJmb3JtX2lkIjo3fQ==-81e2421fd6d036bbb57adfdcd3538399\">\n\t\t\t\t<span id=\"hcap_cf7-69dac6c55c5014.51060013\" class=\"wpcf7-form-control h-captcha \"\n\t\t\tdata-sitekey=\"34acf4dc-cf6e-448c-b4bc-f2e809e606f8\"\n\t\t\tdata-theme=\"light\"\n\t\t\tdata-size=\"normal\"\n\t\t\tdata-auto=\"false\"\n\t\t\tdata-ajax=\"false\"\n\t\t\tdata-force=\"false\">\n\t\t<\/span>\n\t\t<input type=\"hidden\" id=\"_wpnonce\" name=\"_wpnonce\" value=\"9762185bc6\" \/><input type=\"hidden\" name=\"_wp_http_referer\" value=\"\/index.php\/wp-json\/wp\/v2\/pages\/191\" \/><\/span><input class=\"wpcf7-form-control wpcf7-submit has-spinner\" type=\"submit\" value=\"Senden\" \/>\n<\/p>\n<div style=\"background-color:red\">\n\t<font color=\"white\">\n\t\t<p><span class=\"wpcf7-form-control-wrap\" data-name=\"acceptance-820\"><span class=\"wpcf7-form-control wpcf7-acceptance\"><span class=\"wpcf7-list-item\"><label><input type=\"checkbox\" name=\"acceptance-820\" value=\"1\" aria-invalid=\"false\" \/><span class=\"wpcf7-list-item-label\"><b>Hiermit willige ich den oben aufgef\u00fchrten Bedingungen ein.<\/b><\/span><\/label><\/span><\/span><\/span>\n\t\t<\/p>\n\t<\/font>\n<\/div>\n<p>Dieses Formular verwendet Akismet, um Spam zu reduzieren. <a target=\"_blank\" rel=\"nofollow noopener\" href=\"https:\/\/akismet.com\/privacy\/\">Erfahre, wie deine Daten verarbeitet werden.<\/a>\n<\/p><p style=\"display: none !important;\" class=\"akismet-fields-container\" data-prefix=\"_wpcf7_ak_\"><label>&#916;<textarea name=\"_wpcf7_ak_hp_textarea\" cols=\"45\" rows=\"8\" maxlength=\"100\"><\/textarea><\/label><input type=\"hidden\" id=\"ak_js_1\" name=\"_wpcf7_ak_js\" value=\"199\"\/><script>document.getElementById( \"ak_js_1\" ).setAttribute( \"value\", ( new Date() ).getTime() );<\/script><\/p><div class=\"wpcf7-response-output\" aria-hidden=\"true\"><\/div>\n<\/form>\n<\/div>\n\r\n\t\t\t\t<script>\r\n\t\t\t\tif ( typeof huOptions !== 'undefined' ) {\r\n\t\t\t\t\tvar huFormData = {\"source\":\"contactform7\",\"id\":194,\"title\":\"Einwilligungserkl\\u00e4rung zur Nutzung von Fotoaufnahmen\",\"fields\":{\"subject\":{\"first_name\":\"your-name\",\"email\":\"your-email\"},\"preferences\":{\"terms\":\"your-consent\"}}};\r\n\t\t\t\t\tvar huFormNode = document.querySelector( '[id^=\"wpcf7-f194-\"] form' );\r\n\r\n\t\t\t\t\thuFormData['node'] = huFormNode;\r\n\t\t\t\t\thuOptions['forms'].push( huFormData );\r\n\t\t\t\t}\r\n\t\t\t\t<\/script>\n\n\n\n<hr class=\"wp-block-separator has-alpha-channel-opacity is-style-wide\" style=\"margin-top:var(--wp--preset--spacing--80);margin-bottom:var(--wp--preset--spacing--80)\"\/>\n\n\n\n<p><\/p>\n\n\n\n<p><br><strong>2.) Herunterladen des Formulars &#8222;<a href=\"https:\/\/partnerschaftsverein-weilrod.de\/wp-content\/uploads\/2024\/04\/Einwilligungserklaerung-fuer-Fotos-DSGVO.pdf\" target=\"_blank\" rel=\"noreferrer noopener\">Einwilligungserkl\u00e4rung<\/a><a href=\"https:\/\/partnerschaftsverein-weilrod.de\/wp-content\/uploads\/2024\/04\/Einwilligungserklaerung-fuer-Fotos-DSGVO.pdf\"> f\u00fcr Fotos DSGVO.pdf<\/a>&#8222;<br><\/strong><\/p>\n\n\n\n<p>2.1) Ausdrucken des Formulars &#8222;<a href=\"https:\/\/partnerschaftsverein-weilrod.de\/wp-content\/uploads\/2024\/04\/Einwilligungserklaerung-fuer-Fotos-DSGVO.pdf\" target=\"_blank\" rel=\"noreferrer noopener\">Einwilligungserkl\u00e4rung<\/a><a href=\"https:\/\/partnerschaftsverein-weilrod.de\/wp-content\/uploads\/2024\/04\/Einwilligungserklaerung-fuer-Fotos-DSGVO.pdf\"> f\u00fcr Fotos DSGVO.pdf<\/a>&#8222;<br><\/p>\n\n\n\n<p>2.2) Ausf\u00fcllen der offenen Felder &#8222;Ort, Datum; Vor- Nachname und Unterschreiben<br><\/p>\n\n\n\n<p>2.3) Fertiges Dokument an ein Vorstandsmitglied \u00fcbergeben oder per Post an:<br>Verein zur F\u00f6rderung nationaler und internationaler Beziehungen Weilrod e.V.<br>Weilblick 16<br>61276 Weilrod<br><\/p>\n\n\n\n<p>2.4) Alternative zur Abgabe bei einem Vorstandsmitglied oder dem Postversand ist das Einscannen und der Versand per E-Mail an:<br><a href=\"mailto:info@partnerschaftsverein-weilrod.de\">info@partnerschaftsverein-weilrod.de<\/a><\/p>\n\n\n\n<div data-wp-interactive=\"core\/file\" class=\"wp-block-file\"><object data-wp-bind--hidden=\"!state.hasPdfPreview\" hidden class=\"wp-block-file__embed\" data=\"https:\/\/partnerschaftsverein-weilrod.de\/wp-content\/uploads\/2024\/04\/Einwilligungserklaerung-fuer-Fotos-DSGVO.pdf\" type=\"application\/pdf\" style=\"width:100%;height:600px\" aria-label=\"Einbettung von Einwilligungserklaerung-fuer-Fotos-DSGVO.\"><\/object><a id=\"wp-block-file--media-fb85b671-9c85-4486-985a-228b2d5bef54\" href=\"https:\/\/partnerschaftsverein-weilrod.de\/wp-content\/uploads\/2024\/04\/Einwilligungserklaerung-fuer-Fotos-DSGVO.pdf\" target=\"_blank\" rel=\"noreferrer noopener\">Einwilligungserklaerung-fuer-Fotos-DSGVO<\/a><a href=\"https:\/\/partnerschaftsverein-weilrod.de\/wp-content\/uploads\/2024\/04\/Einwilligungserklaerung-fuer-Fotos-DSGVO.pdf\" class=\"wp-block-file__button wp-element-button\" download aria-describedby=\"wp-block-file--media-fb85b671-9c85-4486-985a-228b2d5bef54\">Herunterladen<\/a><\/div>\n\n\n\n<p><\/p>\n\n\n\n<p><\/p>\n\n\n\n<p><\/p>\n","protected":false},"excerpt":{"rendered":"<p>Es gibt zwei M\u00f6glichkeiten der Zustimmung: 1.) ausf\u00fcllen des Onlineformulars auf dieser Seite mit elektronischer Unterschrift. 2.) Herunterladen des Formulars &#8222;Einwilligungserkl\u00e4rung f\u00fcr Fotos DSGVO.pdf&#8222; 2.1) Ausdrucken des Formulars &#8222;Einwilligungserkl\u00e4rung f\u00fcr Fotos DSGVO.pdf&#8222; 2.2) Ausf\u00fcllen der offenen Felder &#8222;Ort, Datum; Vor- Nachname und Unterschreiben 2.3) Fertiges Dokument an ein Vorstandsmitglied \u00fcbergeben oder per Post an:Verein zur [&hellip;]<\/p>\n","protected":false},"author":1,"featured_media":0,"parent":2,"menu_order":2,"comment_status":"closed","ping_status":"closed","template":"","meta":{"footnotes":""},"class_list":["post-191","page","type-page","status-publish","hentry"],"yoast_head":"<!-- This site is optimized with the Yoast SEO plugin v27.3 - https:\/\/yoast.com\/product\/yoast-seo-wordpress\/ -->\n<title>Einwilligungserkl\u00e4rung zur Nutzung von Fotoaufnahmen gem\u00e4\u00df Art. 9 Abs. 2 lit. a) DSGVO - \u00a9 2024 -2026 :: Verein zur F\u00f6rderung nationaler und internationaler Beziehungen Weilrod e.V.<\/title>\n<meta name=\"robots\" content=\"index, follow, max-snippet:-1, max-image-preview:large, max-video-preview:-1\" \/>\n<link rel=\"canonical\" href=\"https:\/\/partnerschaftsverein-weilrod.de\/index.php\/sample-page\/einwilligungserklaerung-zur-nutzung-von-fotoaufnahmen-gemaess-art-9-abs-2-lit-a-dsgvo\/\" \/>\n<meta property=\"og:locale\" content=\"de_DE\" \/>\n<meta property=\"og:type\" content=\"article\" \/>\n<meta property=\"og:title\" content=\"Einwilligungserkl\u00e4rung zur Nutzung von Fotoaufnahmen gem\u00e4\u00df Art. 9 Abs. 2 lit. a) DSGVO - \u00a9 2024 -2026 :: Verein zur F\u00f6rderung nationaler und internationaler Beziehungen Weilrod e.V.\" \/>\n<meta property=\"og:description\" content=\"Es gibt zwei M\u00f6glichkeiten der Zustimmung: 1.) ausf\u00fcllen des Onlineformulars auf dieser Seite mit elektronischer Unterschrift. 2.) Herunterladen des Formulars &#8222;Einwilligungserkl\u00e4rung f\u00fcr Fotos DSGVO.pdf&#8222; 2.1) Ausdrucken des Formulars &#8222;Einwilligungserkl\u00e4rung f\u00fcr Fotos DSGVO.pdf&#8222; 2.2) Ausf\u00fcllen der offenen Felder &#8222;Ort, Datum; Vor- Nachname und Unterschreiben 2.3) Fertiges Dokument an ein Vorstandsmitglied \u00fcbergeben oder per Post an:Verein zur [&hellip;]\" \/>\n<meta property=\"og:url\" content=\"https:\/\/partnerschaftsverein-weilrod.de\/index.php\/sample-page\/einwilligungserklaerung-zur-nutzung-von-fotoaufnahmen-gemaess-art-9-abs-2-lit-a-dsgvo\/\" \/>\n<meta property=\"og:site_name\" content=\"\u00a9 2024 -2026 :: Verein zur F\u00f6rderung nationaler und internationaler Beziehungen Weilrod e.V.\" \/>\n<meta property=\"article:modified_time\" content=\"2024-04-30T11:20:05+00:00\" \/>\n<meta name=\"twitter:card\" content=\"summary_large_image\" \/>\n<meta name=\"twitter:label1\" content=\"Gesch\u00e4tzte Lesezeit\" \/>\n\t<meta name=\"twitter:data1\" content=\"1\u00a0Minute\" \/>\n<script type=\"application\/ld+json\" class=\"yoast-schema-graph\">{\"@context\":\"https:\\\/\\\/schema.org\",\"@graph\":[{\"@type\":\"WebPage\",\"@id\":\"https:\\\/\\\/partnerschaftsverein-weilrod.de\\\/index.php\\\/sample-page\\\/einwilligungserklaerung-zur-nutzung-von-fotoaufnahmen-gemaess-art-9-abs-2-lit-a-dsgvo\\\/\",\"url\":\"https:\\\/\\\/partnerschaftsverein-weilrod.de\\\/index.php\\\/sample-page\\\/einwilligungserklaerung-zur-nutzung-von-fotoaufnahmen-gemaess-art-9-abs-2-lit-a-dsgvo\\\/\",\"name\":\"Einwilligungserkl\u00e4rung zur Nutzung von Fotoaufnahmen gem\u00e4\u00df Art. 9 Abs. 2 lit. a) DSGVO - \u00a9 2024 -2026 :: Verein zur F\u00f6rderung nationaler und internationaler Beziehungen Weilrod e.V.\",\"isPartOf\":{\"@id\":\"https:\\\/\\\/partnerschaftsverein-weilrod.de\\\/#website\"},\"datePublished\":\"2024-04-29T09:21:21+00:00\",\"dateModified\":\"2024-04-30T11:20:05+00:00\",\"breadcrumb\":{\"@id\":\"https:\\\/\\\/partnerschaftsverein-weilrod.de\\\/index.php\\\/sample-page\\\/einwilligungserklaerung-zur-nutzung-von-fotoaufnahmen-gemaess-art-9-abs-2-lit-a-dsgvo\\\/#breadcrumb\"},\"inLanguage\":\"de\",\"potentialAction\":[{\"@type\":\"ReadAction\",\"target\":[\"https:\\\/\\\/partnerschaftsverein-weilrod.de\\\/index.php\\\/sample-page\\\/einwilligungserklaerung-zur-nutzung-von-fotoaufnahmen-gemaess-art-9-abs-2-lit-a-dsgvo\\\/\"]}]},{\"@type\":\"BreadcrumbList\",\"@id\":\"https:\\\/\\\/partnerschaftsverein-weilrod.de\\\/index.php\\\/sample-page\\\/einwilligungserklaerung-zur-nutzung-von-fotoaufnahmen-gemaess-art-9-abs-2-lit-a-dsgvo\\\/#breadcrumb\",\"itemListElement\":[{\"@type\":\"ListItem\",\"position\":1,\"name\":\"Startseite\",\"item\":\"https:\\\/\\\/partnerschaftsverein-weilrod.de\\\/\"},{\"@type\":\"ListItem\",\"position\":2,\"name\":\"\u00dcber den Verein\",\"item\":\"https:\\\/\\\/partnerschaftsverein-weilrod.de\\\/index.php\\\/sample-page\\\/\"},{\"@type\":\"ListItem\",\"position\":3,\"name\":\"Einwilligungserkl\u00e4rung zur Nutzung von Fotoaufnahmen gem\u00e4\u00df Art. 9 Abs. 2 lit. a) DSGVO\"}]},{\"@type\":\"WebSite\",\"@id\":\"https:\\\/\\\/partnerschaftsverein-weilrod.de\\\/#website\",\"url\":\"https:\\\/\\\/partnerschaftsverein-weilrod.de\\\/\",\"name\":\"\u00a9 2024 -2026 :: Verein zur F\u00f6rderung nationaler und internationaler Beziehungen Weilrod e.V.\",\"description\":\"\",\"publisher\":{\"@id\":\"https:\\\/\\\/partnerschaftsverein-weilrod.de\\\/#organization\"},\"potentialAction\":[{\"@type\":\"SearchAction\",\"target\":{\"@type\":\"EntryPoint\",\"urlTemplate\":\"https:\\\/\\\/partnerschaftsverein-weilrod.de\\\/?s={search_term_string}\"},\"query-input\":{\"@type\":\"PropertyValueSpecification\",\"valueRequired\":true,\"valueName\":\"search_term_string\"}}],\"inLanguage\":\"de\"},{\"@type\":\"Organization\",\"@id\":\"https:\\\/\\\/partnerschaftsverein-weilrod.de\\\/#organization\",\"name\":\"\u00a9 2024 -2026 :: Verein zur F\u00f6rderung nationaler und internationaler Beziehungen Weilrod e.V.\",\"url\":\"https:\\\/\\\/partnerschaftsverein-weilrod.de\\\/\",\"logo\":{\"@type\":\"ImageObject\",\"inLanguage\":\"de\",\"@id\":\"https:\\\/\\\/partnerschaftsverein-weilrod.de\\\/#\\\/schema\\\/logo\\\/image\\\/\",\"url\":\"https:\\\/\\\/partnerschaftsverein-weilrod.de\\\/wp-content\\\/uploads\\\/2024\\\/03\\\/Logo-rund.png\",\"contentUrl\":\"https:\\\/\\\/partnerschaftsverein-weilrod.de\\\/wp-content\\\/uploads\\\/2024\\\/03\\\/Logo-rund.png\",\"width\":1024,\"height\":1024,\"caption\":\"\u00a9 2024 -2026 :: Verein zur F\u00f6rderung nationaler und internationaler Beziehungen Weilrod e.V.\"},\"image\":{\"@id\":\"https:\\\/\\\/partnerschaftsverein-weilrod.de\\\/#\\\/schema\\\/logo\\\/image\\\/\"}}]}<\/script>\n<!-- \/ Yoast SEO plugin. -->","yoast_head_json":{"title":"Einwilligungserkl\u00e4rung zur Nutzung von Fotoaufnahmen gem\u00e4\u00df Art. 9 Abs. 2 lit. a) DSGVO - \u00a9 2024 -2026 :: Verein zur F\u00f6rderung nationaler und internationaler Beziehungen Weilrod e.V.","robots":{"index":"index","follow":"follow","max-snippet":"max-snippet:-1","max-image-preview":"max-image-preview:large","max-video-preview":"max-video-preview:-1"},"canonical":"https:\/\/partnerschaftsverein-weilrod.de\/index.php\/sample-page\/einwilligungserklaerung-zur-nutzung-von-fotoaufnahmen-gemaess-art-9-abs-2-lit-a-dsgvo\/","og_locale":"de_DE","og_type":"article","og_title":"Einwilligungserkl\u00e4rung zur Nutzung von Fotoaufnahmen gem\u00e4\u00df Art. 9 Abs. 2 lit. a) DSGVO - \u00a9 2024 -2026 :: Verein zur F\u00f6rderung nationaler und internationaler Beziehungen Weilrod e.V.","og_description":"Es gibt zwei M\u00f6glichkeiten der Zustimmung: 1.) ausf\u00fcllen des Onlineformulars auf dieser Seite mit elektronischer Unterschrift. 2.) Herunterladen des Formulars &#8222;Einwilligungserkl\u00e4rung f\u00fcr Fotos DSGVO.pdf&#8222; 2.1) Ausdrucken des Formulars &#8222;Einwilligungserkl\u00e4rung f\u00fcr Fotos DSGVO.pdf&#8222; 2.2) Ausf\u00fcllen der offenen Felder &#8222;Ort, Datum; Vor- Nachname und Unterschreiben 2.3) Fertiges Dokument an ein Vorstandsmitglied \u00fcbergeben oder per Post an:Verein zur [&hellip;]","og_url":"https:\/\/partnerschaftsverein-weilrod.de\/index.php\/sample-page\/einwilligungserklaerung-zur-nutzung-von-fotoaufnahmen-gemaess-art-9-abs-2-lit-a-dsgvo\/","og_site_name":"\u00a9 2024 -2026 :: Verein zur F\u00f6rderung nationaler und internationaler Beziehungen Weilrod e.V.","article_modified_time":"2024-04-30T11:20:05+00:00","twitter_card":"summary_large_image","twitter_misc":{"Gesch\u00e4tzte Lesezeit":"1\u00a0Minute"},"schema":{"@context":"https:\/\/schema.org","@graph":[{"@type":"WebPage","@id":"https:\/\/partnerschaftsverein-weilrod.de\/index.php\/sample-page\/einwilligungserklaerung-zur-nutzung-von-fotoaufnahmen-gemaess-art-9-abs-2-lit-a-dsgvo\/","url":"https:\/\/partnerschaftsverein-weilrod.de\/index.php\/sample-page\/einwilligungserklaerung-zur-nutzung-von-fotoaufnahmen-gemaess-art-9-abs-2-lit-a-dsgvo\/","name":"Einwilligungserkl\u00e4rung zur Nutzung von Fotoaufnahmen gem\u00e4\u00df Art. 9 Abs. 2 lit. a) DSGVO - \u00a9 2024 -2026 :: Verein zur F\u00f6rderung nationaler und internationaler Beziehungen Weilrod e.V.","isPartOf":{"@id":"https:\/\/partnerschaftsverein-weilrod.de\/#website"},"datePublished":"2024-04-29T09:21:21+00:00","dateModified":"2024-04-30T11:20:05+00:00","breadcrumb":{"@id":"https:\/\/partnerschaftsverein-weilrod.de\/index.php\/sample-page\/einwilligungserklaerung-zur-nutzung-von-fotoaufnahmen-gemaess-art-9-abs-2-lit-a-dsgvo\/#breadcrumb"},"inLanguage":"de","potentialAction":[{"@type":"ReadAction","target":["https:\/\/partnerschaftsverein-weilrod.de\/index.php\/sample-page\/einwilligungserklaerung-zur-nutzung-von-fotoaufnahmen-gemaess-art-9-abs-2-lit-a-dsgvo\/"]}]},{"@type":"BreadcrumbList","@id":"https:\/\/partnerschaftsverein-weilrod.de\/index.php\/sample-page\/einwilligungserklaerung-zur-nutzung-von-fotoaufnahmen-gemaess-art-9-abs-2-lit-a-dsgvo\/#breadcrumb","itemListElement":[{"@type":"ListItem","position":1,"name":"Startseite","item":"https:\/\/partnerschaftsverein-weilrod.de\/"},{"@type":"ListItem","position":2,"name":"\u00dcber den Verein","item":"https:\/\/partnerschaftsverein-weilrod.de\/index.php\/sample-page\/"},{"@type":"ListItem","position":3,"name":"Einwilligungserkl\u00e4rung zur Nutzung von Fotoaufnahmen gem\u00e4\u00df Art. 9 Abs. 2 lit. a) DSGVO"}]},{"@type":"WebSite","@id":"https:\/\/partnerschaftsverein-weilrod.de\/#website","url":"https:\/\/partnerschaftsverein-weilrod.de\/","name":"\u00a9 2024 -2026 :: Verein zur F\u00f6rderung nationaler und internationaler Beziehungen Weilrod e.V.","description":"","publisher":{"@id":"https:\/\/partnerschaftsverein-weilrod.de\/#organization"},"potentialAction":[{"@type":"SearchAction","target":{"@type":"EntryPoint","urlTemplate":"https:\/\/partnerschaftsverein-weilrod.de\/?s={search_term_string}"},"query-input":{"@type":"PropertyValueSpecification","valueRequired":true,"valueName":"search_term_string"}}],"inLanguage":"de"},{"@type":"Organization","@id":"https:\/\/partnerschaftsverein-weilrod.de\/#organization","name":"\u00a9 2024 -2026 :: Verein zur F\u00f6rderung nationaler und internationaler Beziehungen Weilrod e.V.","url":"https:\/\/partnerschaftsverein-weilrod.de\/","logo":{"@type":"ImageObject","inLanguage":"de","@id":"https:\/\/partnerschaftsverein-weilrod.de\/#\/schema\/logo\/image\/","url":"https:\/\/partnerschaftsverein-weilrod.de\/wp-content\/uploads\/2024\/03\/Logo-rund.png","contentUrl":"https:\/\/partnerschaftsverein-weilrod.de\/wp-content\/uploads\/2024\/03\/Logo-rund.png","width":1024,"height":1024,"caption":"\u00a9 2024 -2026 :: Verein zur F\u00f6rderung nationaler und internationaler Beziehungen Weilrod e.V."},"image":{"@id":"https:\/\/partnerschaftsverein-weilrod.de\/#\/schema\/logo\/image\/"}}]}},"_links":{"self":[{"href":"https:\/\/partnerschaftsverein-weilrod.de\/index.php\/wp-json\/wp\/v2\/pages\/191","targetHints":{"allow":["GET"]}}],"collection":[{"href":"https:\/\/partnerschaftsverein-weilrod.de\/index.php\/wp-json\/wp\/v2\/pages"}],"about":[{"href":"https:\/\/partnerschaftsverein-weilrod.de\/index.php\/wp-json\/wp\/v2\/types\/page"}],"author":[{"embeddable":true,"href":"https:\/\/partnerschaftsverein-weilrod.de\/index.php\/wp-json\/wp\/v2\/users\/1"}],"replies":[{"embeddable":true,"href":"https:\/\/partnerschaftsverein-weilrod.de\/index.php\/wp-json\/wp\/v2\/comments?post=191"}],"version-history":[{"count":13,"href":"https:\/\/partnerschaftsverein-weilrod.de\/index.php\/wp-json\/wp\/v2\/pages\/191\/revisions"}],"predecessor-version":[{"id":299,"href":"https:\/\/partnerschaftsverein-weilrod.de\/index.php\/wp-json\/wp\/v2\/pages\/191\/revisions\/299"}],"up":[{"embeddable":true,"href":"https:\/\/partnerschaftsverein-weilrod.de\/index.php\/wp-json\/wp\/v2\/pages\/2"}],"wp:attachment":[{"href":"https:\/\/partnerschaftsverein-weilrod.de\/index.php\/wp-json\/wp\/v2\/media?parent=191"}],"curies":[{"name":"wp","href":"https:\/\/api.w.org\/{rel}","templated":true}]}}