{"id":111,"date":"2024-03-20T13:20:46","date_gmt":"2024-03-20T13:20:46","guid":{"rendered":"https:\/\/partnerschaftsverein-weilrod.de\/?page_id=111"},"modified":"2025-06-16T13:15:47","modified_gmt":"2025-06-16T13:15:47","slug":"kontakt","status":"publish","type":"page","link":"https:\/\/partnerschaftsverein-weilrod.de\/index.php\/kontakt\/","title":{"rendered":"Kontakt"},"content":{"rendered":"\n<p><strong>Verein zur F\u00f6rderung nationaler und internationaler Beziehungen Weilrod e.V.<br><\/strong>Weilblick 16<br>61276 Weilrod<\/p>\n\n\n\n<hr class=\"wp-block-separator has-alpha-channel-opacity\"\/>\n\n\n\n<p><strong>Vertreten durch:<\/strong><br><em><strong>1. Vorsitzender<\/strong><\/em><br>G\u00f6tz Esser<\/p>\n\n\n\n<p><em><strong>Stellvertreter:<\/strong><\/em><br>Isabelle Rumpf<br>J\u00f6rg Hill<br><\/p>\n\n\n\n<p><em><strong>Schriftf\u00fchrer:<\/strong><\/em><br>Dominik Euler<br><strong><em>Stellvertretende Schriftf\u00fchrerin:<\/em><\/strong><br>Martina Humez<\/p>\n\n\n\n<p><em><strong>Kassenverwalter<\/strong><\/em><br>Christian H\u00fcbschen<br><strong><em>Stellvertretender Kassenverwalter:<\/em><\/strong><br>Mathias Habermann<br><\/p>\n\n\n\n<p><em><strong>Beisitzer:<\/strong><\/em><br>Sylvia Knickmann<br>Karsten M\u00fcller<\/p>\n\n\n\n<hr class=\"wp-block-separator has-alpha-channel-opacity\"\/>\n\n\n\n<p>Telefon: 06083 9509-0<br>Telefax: 06083 9509-26<\/p>\n\n\n\n<p><br>E-Mail: info@partnerschaftsverein-weilrod.de<\/p>\n\n\n\n<hr class=\"wp-block-separator has-alpha-channel-opacity\"\/>\n\n\n\n<p class=\"has-pale-cyan-blue-background-color has-background\"><strong>Kontaktformular<\/strong><\/p>\n\n\n\n<div class=\"wpcf7 no-js\" id=\"wpcf7-f6-o1\" lang=\"de-DE\" dir=\"ltr\" data-wpcf7-id=\"6\">\n<div class=\"screen-reader-response\"><p role=\"status\" aria-live=\"polite\" aria-atomic=\"true\"><\/p> <ul><\/ul><\/div>\n<form action=\"\/index.php\/wp-json\/wp\/v2\/pages\/111#wpcf7-f6-o1\" method=\"post\" class=\"wpcf7-form init\" aria-label=\"Kontaktformular\" novalidate=\"novalidate\" data-status=\"init\">\n<fieldset class=\"hidden-fields-container\"><input type=\"hidden\" name=\"_wpcf7\" value=\"6\" \/><input type=\"hidden\" name=\"_wpcf7_version\" value=\"6.1.5\" \/><input type=\"hidden\" name=\"_wpcf7_locale\" value=\"de_DE\" \/><input type=\"hidden\" name=\"_wpcf7_unit_tag\" value=\"wpcf7-f6-o1\" \/><input type=\"hidden\" name=\"_wpcf7_container_post\" value=\"0\" \/><input type=\"hidden\" name=\"_wpcf7_posted_data_hash\" value=\"\" \/>\n<\/fieldset>\n<p><label> Dein Name<br \/>\n<span class=\"wpcf7-form-control-wrap\" data-name=\"your-name\"><input size=\"40\" maxlength=\"400\" class=\"wpcf7-form-control wpcf7-text wpcf7-validates-as-required\" autocomplete=\"name\" aria-required=\"true\" aria-invalid=\"false\" value=\"\" type=\"text\" name=\"your-name\" \/><\/span> <\/label>\n<\/p>\n<p><label> Deine E-Mail-Adresse<br \/>\n<span class=\"wpcf7-form-control-wrap\" data-name=\"your-email\"><input size=\"40\" maxlength=\"400\" class=\"wpcf7-form-control wpcf7-email wpcf7-validates-as-required wpcf7-text wpcf7-validates-as-email\" autocomplete=\"email\" aria-required=\"true\" aria-invalid=\"false\" value=\"\" type=\"email\" name=\"your-email\" \/><\/span> <\/label>\n<\/p>\n<p><label> Betreff<br \/>\n<span class=\"wpcf7-form-control-wrap\" data-name=\"your-subject\"><input size=\"40\" maxlength=\"400\" class=\"wpcf7-form-control wpcf7-text wpcf7-validates-as-required\" aria-required=\"true\" aria-invalid=\"false\" value=\"\" type=\"text\" name=\"your-subject\" \/><\/span> <\/label>\n<\/p>\n<p><label> Deine Nachricht (optional)<br \/>\n<span class=\"wpcf7-form-control-wrap\" data-name=\"your-message\"><textarea cols=\"40\" rows=\"10\" maxlength=\"2000\" class=\"wpcf7-form-control wpcf7-textarea\" aria-invalid=\"false\" name=\"your-message\"><\/textarea><\/span> <\/label>\n<\/p>\n<p><span class=\"wpcf7-form-control-wrap\" data-name=\"hcap-cf7\">\t\t<input\n\t\t\t\ttype=\"hidden\"\n\t\t\t\tclass=\"hcaptcha-widget-id\"\n\t\t\t\tname=\"hcaptcha-widget-id\"\n\t\t\t\tvalue=\"eyJzb3VyY2UiOlsiY29udGFjdC1mb3JtLTdcL3dwLWNvbnRhY3QtZm9ybS03LnBocCJdLCJmb3JtX2lkIjozOX0=-dd490e6144a40ca20e15be544aa08ed0\">\n\t\t\t\t<span id=\"hcap_cf7-69dac6d4741b92.22793501\" class=\"wpcf7-form-control h-captcha \"\n\t\t\tdata-sitekey=\"34acf4dc-cf6e-448c-b4bc-f2e809e606f8\"\n\t\t\tdata-theme=\"light\"\n\t\t\tdata-size=\"normal\"\n\t\t\tdata-auto=\"false\"\n\t\t\tdata-ajax=\"false\"\n\t\t\tdata-force=\"false\">\n\t\t<\/span>\n\t\t<input type=\"hidden\" id=\"_wpnonce\" name=\"_wpnonce\" value=\"9762185bc6\" \/><input type=\"hidden\" name=\"_wp_http_referer\" value=\"\/index.php\/wp-json\/wp\/v2\/pages\/111\" \/><\/span><input class=\"wpcf7-form-control wpcf7-submit has-spinner\" type=\"submit\" value=\"Senden\" \/>\n<\/p><p style=\"display: none !important;\" class=\"akismet-fields-container\" data-prefix=\"_wpcf7_ak_\"><label>&#916;<textarea name=\"_wpcf7_ak_hp_textarea\" cols=\"45\" rows=\"8\" maxlength=\"100\"><\/textarea><\/label><input type=\"hidden\" id=\"ak_js_1\" name=\"_wpcf7_ak_js\" value=\"56\"\/><script>document.getElementById( \"ak_js_1\" ).setAttribute( \"value\", ( new Date() ).getTime() );<\/script><\/p><div class=\"wpcf7-response-output\" aria-hidden=\"true\"><\/div>\n<\/form>\n<\/div>\n\r\n\t\t\t\t<script>\r\n\t\t\t\tif ( typeof huOptions !== 'undefined' ) {\r\n\t\t\t\t\tvar huFormData = {\"source\":\"contactform7\",\"id\":6,\"title\":\"Kontaktformular 1\",\"fields\":{\"subject\":{\"first_name\":\"your-name\",\"email\":\"your-email\"},\"preferences\":{\"terms\":\"your-consent\"}}};\r\n\t\t\t\t\tvar huFormNode = document.querySelector( '[id^=\"wpcf7-f6-\"] form' );\r\n\r\n\t\t\t\t\thuFormData['node'] = huFormNode;\r\n\t\t\t\t\thuOptions['forms'].push( huFormData );\r\n\t\t\t\t}\r\n\t\t\t\t<\/script>\n\n\n\n<hr class=\"wp-block-separator has-alpha-channel-opacity\"\/>\n\n\n\n<p class=\"has-pale-cyan-blue-background-color has-background\"><strong><a href=\"https:\/\/partnerschaftsverein-weilrod.de\/index.php\/sample-page\/mitglied-werden\/\">Mitglied werden<\/a><\/strong><\/p>\n\n\n\n<hr class=\"wp-block-separator has-alpha-channel-opacity\"\/>\n\n\n\n<p class=\"has-pale-cyan-blue-background-color has-background\"><strong><a href=\"https:\/\/partnerschaftsverein-weilrod.de\/index.php\/sample-page\/einwilligungserklaerung-zur-nutzung-von-fotoaufnahmen-gemaess-art-9-abs-2-lit-a-dsgvo\/\">Einwilligungserkl\u00e4rung zur Nutzung von Fotoaufnahmen gem\u00e4\u00df Art. 9 Abs. 2 lit. a) DSGVO<\/a><\/strong><\/p>\n\n\n\n<p><\/p>\n","protected":false},"excerpt":{"rendered":"<p>Verein zur F\u00f6rderung nationaler und internationaler Beziehungen Weilrod e.V.Weilblick 1661276 Weilrod Vertreten durch:1. VorsitzenderG\u00f6tz Esser Stellvertreter:Isabelle RumpfJ\u00f6rg Hill Schriftf\u00fchrer:Dominik EulerStellvertretende Schriftf\u00fchrerin:Martina Humez KassenverwalterChristian H\u00fcbschenStellvertretender Kassenverwalter:Mathias Habermann Beisitzer:Sylvia KnickmannKarsten M\u00fcller Telefon: 06083 9509-0Telefax: 06083 9509-26 E-Mail: info@partnerschaftsverein-weilrod.de Kontaktformular Mitglied werden Einwilligungserkl\u00e4rung zur Nutzung von Fotoaufnahmen gem\u00e4\u00df Art. 9 Abs. 2 lit. a) DSGVO<\/p>\n","protected":false},"author":1,"featured_media":0,"parent":0,"menu_order":0,"comment_status":"closed","ping_status":"closed","template":"","meta":{"footnotes":""},"class_list":["post-111","page","type-page","status-publish","hentry"],"yoast_head":"<!-- This site is optimized with the Yoast SEO plugin v27.3 - https:\/\/yoast.com\/product\/yoast-seo-wordpress\/ -->\n<title>Kontakt - \u00a9 2024 -2026 :: Verein zur F\u00f6rderung nationaler und internationaler Beziehungen Weilrod e.V.<\/title>\n<meta name=\"robots\" content=\"index, follow, max-snippet:-1, max-image-preview:large, max-video-preview:-1\" \/>\n<link rel=\"canonical\" href=\"https:\/\/partnerschaftsverein-weilrod.de\/index.php\/kontakt\/\" \/>\n<meta property=\"og:locale\" content=\"de_DE\" \/>\n<meta property=\"og:type\" content=\"article\" \/>\n<meta property=\"og:title\" content=\"Kontakt - \u00a9 2024 -2026 :: Verein zur F\u00f6rderung nationaler und internationaler Beziehungen Weilrod e.V.\" \/>\n<meta property=\"og:description\" content=\"Verein zur F\u00f6rderung nationaler und internationaler Beziehungen Weilrod e.V.Weilblick 1661276 Weilrod Vertreten durch:1. VorsitzenderG\u00f6tz Esser Stellvertreter:Isabelle RumpfJ\u00f6rg Hill Schriftf\u00fchrer:Dominik EulerStellvertretende Schriftf\u00fchrerin:Martina Humez KassenverwalterChristian H\u00fcbschenStellvertretender Kassenverwalter:Mathias Habermann Beisitzer:Sylvia KnickmannKarsten M\u00fcller Telefon: 06083 9509-0Telefax: 06083 9509-26 E-Mail: info@partnerschaftsverein-weilrod.de Kontaktformular Mitglied werden Einwilligungserkl\u00e4rung zur Nutzung von Fotoaufnahmen gem\u00e4\u00df Art. 9 Abs. 2 lit. a) DSGVO\" \/>\n<meta property=\"og:url\" content=\"https:\/\/partnerschaftsverein-weilrod.de\/index.php\/kontakt\/\" \/>\n<meta property=\"og:site_name\" content=\"\u00a9 2024 -2026 :: Verein zur F\u00f6rderung nationaler und internationaler Beziehungen Weilrod e.V.\" \/>\n<meta property=\"article:modified_time\" content=\"2025-06-16T13:15:47+00:00\" \/>\n<meta name=\"twitter:card\" content=\"summary_large_image\" \/>\n<meta name=\"twitter:label1\" content=\"Gesch\u00e4tzte Lesezeit\" \/>\n\t<meta name=\"twitter:data1\" content=\"1\u00a0Minute\" \/>\n<script type=\"application\/ld+json\" class=\"yoast-schema-graph\">{\"@context\":\"https:\\\/\\\/schema.org\",\"@graph\":[{\"@type\":\"WebPage\",\"@id\":\"https:\\\/\\\/partnerschaftsverein-weilrod.de\\\/index.php\\\/kontakt\\\/\",\"url\":\"https:\\\/\\\/partnerschaftsverein-weilrod.de\\\/index.php\\\/kontakt\\\/\",\"name\":\"Kontakt - \u00a9 2024 -2026 :: Verein zur F\u00f6rderung nationaler und internationaler Beziehungen Weilrod e.V.\",\"isPartOf\":{\"@id\":\"https:\\\/\\\/partnerschaftsverein-weilrod.de\\\/#website\"},\"datePublished\":\"2024-03-20T13:20:46+00:00\",\"dateModified\":\"2025-06-16T13:15:47+00:00\",\"breadcrumb\":{\"@id\":\"https:\\\/\\\/partnerschaftsverein-weilrod.de\\\/index.php\\\/kontakt\\\/#breadcrumb\"},\"inLanguage\":\"de\",\"potentialAction\":[{\"@type\":\"ReadAction\",\"target\":[\"https:\\\/\\\/partnerschaftsverein-weilrod.de\\\/index.php\\\/kontakt\\\/\"]}]},{\"@type\":\"BreadcrumbList\",\"@id\":\"https:\\\/\\\/partnerschaftsverein-weilrod.de\\\/index.php\\\/kontakt\\\/#breadcrumb\",\"itemListElement\":[{\"@type\":\"ListItem\",\"position\":1,\"name\":\"Startseite\",\"item\":\"https:\\\/\\\/partnerschaftsverein-weilrod.de\\\/\"},{\"@type\":\"ListItem\",\"position\":2,\"name\":\"Kontakt\"}]},{\"@type\":\"WebSite\",\"@id\":\"https:\\\/\\\/partnerschaftsverein-weilrod.de\\\/#website\",\"url\":\"https:\\\/\\\/partnerschaftsverein-weilrod.de\\\/\",\"name\":\"\u00a9 2024 -2026 :: Verein zur F\u00f6rderung nationaler und internationaler Beziehungen Weilrod e.V.\",\"description\":\"\",\"publisher\":{\"@id\":\"https:\\\/\\\/partnerschaftsverein-weilrod.de\\\/#organization\"},\"potentialAction\":[{\"@type\":\"SearchAction\",\"target\":{\"@type\":\"EntryPoint\",\"urlTemplate\":\"https:\\\/\\\/partnerschaftsverein-weilrod.de\\\/?s={search_term_string}\"},\"query-input\":{\"@type\":\"PropertyValueSpecification\",\"valueRequired\":true,\"valueName\":\"search_term_string\"}}],\"inLanguage\":\"de\"},{\"@type\":\"Organization\",\"@id\":\"https:\\\/\\\/partnerschaftsverein-weilrod.de\\\/#organization\",\"name\":\"\u00a9 2024 -2026 :: Verein zur F\u00f6rderung nationaler und internationaler Beziehungen Weilrod e.V.\",\"url\":\"https:\\\/\\\/partnerschaftsverein-weilrod.de\\\/\",\"logo\":{\"@type\":\"ImageObject\",\"inLanguage\":\"de\",\"@id\":\"https:\\\/\\\/partnerschaftsverein-weilrod.de\\\/#\\\/schema\\\/logo\\\/image\\\/\",\"url\":\"https:\\\/\\\/partnerschaftsverein-weilrod.de\\\/wp-content\\\/uploads\\\/2024\\\/03\\\/Logo-rund.png\",\"contentUrl\":\"https:\\\/\\\/partnerschaftsverein-weilrod.de\\\/wp-content\\\/uploads\\\/2024\\\/03\\\/Logo-rund.png\",\"width\":1024,\"height\":1024,\"caption\":\"\u00a9 2024 -2026 :: Verein zur F\u00f6rderung nationaler und internationaler Beziehungen Weilrod e.V.\"},\"image\":{\"@id\":\"https:\\\/\\\/partnerschaftsverein-weilrod.de\\\/#\\\/schema\\\/logo\\\/image\\\/\"}}]}<\/script>\n<!-- \/ Yoast SEO plugin. -->","yoast_head_json":{"title":"Kontakt - \u00a9 2024 -2026 :: Verein zur F\u00f6rderung nationaler und internationaler Beziehungen Weilrod e.V.","robots":{"index":"index","follow":"follow","max-snippet":"max-snippet:-1","max-image-preview":"max-image-preview:large","max-video-preview":"max-video-preview:-1"},"canonical":"https:\/\/partnerschaftsverein-weilrod.de\/index.php\/kontakt\/","og_locale":"de_DE","og_type":"article","og_title":"Kontakt - \u00a9 2024 -2026 :: Verein zur F\u00f6rderung nationaler und internationaler Beziehungen Weilrod e.V.","og_description":"Verein zur F\u00f6rderung nationaler und internationaler Beziehungen Weilrod e.V.Weilblick 1661276 Weilrod Vertreten durch:1. VorsitzenderG\u00f6tz Esser Stellvertreter:Isabelle RumpfJ\u00f6rg Hill Schriftf\u00fchrer:Dominik EulerStellvertretende Schriftf\u00fchrerin:Martina Humez KassenverwalterChristian H\u00fcbschenStellvertretender Kassenverwalter:Mathias Habermann Beisitzer:Sylvia KnickmannKarsten M\u00fcller Telefon: 06083 9509-0Telefax: 06083 9509-26 E-Mail: info@partnerschaftsverein-weilrod.de Kontaktformular Mitglied werden Einwilligungserkl\u00e4rung zur Nutzung von Fotoaufnahmen gem\u00e4\u00df Art. 9 Abs. 2 lit. a) DSGVO","og_url":"https:\/\/partnerschaftsverein-weilrod.de\/index.php\/kontakt\/","og_site_name":"\u00a9 2024 -2026 :: Verein zur F\u00f6rderung nationaler und internationaler Beziehungen Weilrod e.V.","article_modified_time":"2025-06-16T13:15:47+00:00","twitter_card":"summary_large_image","twitter_misc":{"Gesch\u00e4tzte Lesezeit":"1\u00a0Minute"},"schema":{"@context":"https:\/\/schema.org","@graph":[{"@type":"WebPage","@id":"https:\/\/partnerschaftsverein-weilrod.de\/index.php\/kontakt\/","url":"https:\/\/partnerschaftsverein-weilrod.de\/index.php\/kontakt\/","name":"Kontakt - \u00a9 2024 -2026 :: Verein zur F\u00f6rderung nationaler und internationaler Beziehungen Weilrod e.V.","isPartOf":{"@id":"https:\/\/partnerschaftsverein-weilrod.de\/#website"},"datePublished":"2024-03-20T13:20:46+00:00","dateModified":"2025-06-16T13:15:47+00:00","breadcrumb":{"@id":"https:\/\/partnerschaftsverein-weilrod.de\/index.php\/kontakt\/#breadcrumb"},"inLanguage":"de","potentialAction":[{"@type":"ReadAction","target":["https:\/\/partnerschaftsverein-weilrod.de\/index.php\/kontakt\/"]}]},{"@type":"BreadcrumbList","@id":"https:\/\/partnerschaftsverein-weilrod.de\/index.php\/kontakt\/#breadcrumb","itemListElement":[{"@type":"ListItem","position":1,"name":"Startseite","item":"https:\/\/partnerschaftsverein-weilrod.de\/"},{"@type":"ListItem","position":2,"name":"Kontakt"}]},{"@type":"WebSite","@id":"https:\/\/partnerschaftsverein-weilrod.de\/#website","url":"https:\/\/partnerschaftsverein-weilrod.de\/","name":"\u00a9 2024 -2026 :: Verein zur F\u00f6rderung nationaler und internationaler Beziehungen Weilrod e.V.","description":"","publisher":{"@id":"https:\/\/partnerschaftsverein-weilrod.de\/#organization"},"potentialAction":[{"@type":"SearchAction","target":{"@type":"EntryPoint","urlTemplate":"https:\/\/partnerschaftsverein-weilrod.de\/?s={search_term_string}"},"query-input":{"@type":"PropertyValueSpecification","valueRequired":true,"valueName":"search_term_string"}}],"inLanguage":"de"},{"@type":"Organization","@id":"https:\/\/partnerschaftsverein-weilrod.de\/#organization","name":"\u00a9 2024 -2026 :: Verein zur F\u00f6rderung nationaler und internationaler Beziehungen Weilrod e.V.","url":"https:\/\/partnerschaftsverein-weilrod.de\/","logo":{"@type":"ImageObject","inLanguage":"de","@id":"https:\/\/partnerschaftsverein-weilrod.de\/#\/schema\/logo\/image\/","url":"https:\/\/partnerschaftsverein-weilrod.de\/wp-content\/uploads\/2024\/03\/Logo-rund.png","contentUrl":"https:\/\/partnerschaftsverein-weilrod.de\/wp-content\/uploads\/2024\/03\/Logo-rund.png","width":1024,"height":1024,"caption":"\u00a9 2024 -2026 :: Verein zur F\u00f6rderung nationaler und internationaler Beziehungen Weilrod e.V."},"image":{"@id":"https:\/\/partnerschaftsverein-weilrod.de\/#\/schema\/logo\/image\/"}}]}},"_links":{"self":[{"href":"https:\/\/partnerschaftsverein-weilrod.de\/index.php\/wp-json\/wp\/v2\/pages\/111","targetHints":{"allow":["GET"]}}],"collection":[{"href":"https:\/\/partnerschaftsverein-weilrod.de\/index.php\/wp-json\/wp\/v2\/pages"}],"about":[{"href":"https:\/\/partnerschaftsverein-weilrod.de\/index.php\/wp-json\/wp\/v2\/types\/page"}],"author":[{"embeddable":true,"href":"https:\/\/partnerschaftsverein-weilrod.de\/index.php\/wp-json\/wp\/v2\/users\/1"}],"replies":[{"embeddable":true,"href":"https:\/\/partnerschaftsverein-weilrod.de\/index.php\/wp-json\/wp\/v2\/comments?post=111"}],"version-history":[{"count":20,"href":"https:\/\/partnerschaftsverein-weilrod.de\/index.php\/wp-json\/wp\/v2\/pages\/111\/revisions"}],"predecessor-version":[{"id":634,"href":"https:\/\/partnerschaftsverein-weilrod.de\/index.php\/wp-json\/wp\/v2\/pages\/111\/revisions\/634"}],"wp:attachment":[{"href":"https:\/\/partnerschaftsverein-weilrod.de\/index.php\/wp-json\/wp\/v2\/media?parent=111"}],"curies":[{"name":"wp","href":"https:\/\/api.w.org\/{rel}","templated":true}]}}